{"id":65,"date":"2016-03-30T15:15:28","date_gmt":"2016-03-30T15:15:28","guid":{"rendered":"http:\/\/davanti.lv\/wordpress\/?page_id=65"},"modified":"2025-02-06T16:07:16","modified_gmt":"2025-02-06T16:07:16","slug":"contacts","status":"publish","type":"page","link":"https:\/\/davanti.lv\/ru\/contacts\/","title":{"rendered":"\u041a\u043e\u043d\u0442\u0430\u043a\u0442\u044b"},"content":{"rendered":"<div id=\"pl-65\"  class=\"panel-layout\" ><div id=\"pg-65-0\"  class=\"panel-grid panel-no-style\" ><div id=\"pgc-65-0-0\"  class=\"panel-grid-cell\" ><div id=\"panel-65-0-0-0\" class=\"so-panel widget widget_sow-editor panel-first-child panel-last-child\" data-index=\"0\" ><div\n\t\t\t\n\t\t\tclass=\"so-widget-sow-editor so-widget-sow-editor-base\"\n\t\t\t\n\t\t>\n<div class=\"siteorigin-widget-tinymce textwidget\">\n\t<h1>\u0421\u0430\u043b\u043e\u043d<\/h1>\n<div class=\"hr\"><\/div>\n<h2>\u0443\u043b. \u0426\u0435\u0441\u0443 31,<br \/>\u0420\u0438\u0433\u0430<\/h2>\n\u0422\u0435\u043b.: (+371) 67784277\n\u042d\u043b. \u043f\u043e\u0447\u0442\u0430: &#115;&#097;&#108;&#111;&#110;&#115;&#064;&#100;&#097;&#118;&#097;&#110;&#116;&#105;&#046;&#108;&#118;<\/div>\n<\/div><\/div><\/div><div id=\"pgc-65-0-1\"  class=\"panel-grid-cell\" ><div id=\"panel-65-0-1-0\" class=\"so-panel widget widget_sow-editor panel-first-child panel-last-child\" data-index=\"1\" ><div\n\t\t\t\n\t\t\tclass=\"so-widget-sow-editor so-widget-sow-editor-base\"\n\t\t\t\n\t\t>\n<div class=\"siteorigin-widget-tinymce textwidget\">\n\t<h1>\u0421\u043a\u043b\u0430\u0434<\/h1>\n<div class=\"hr\"><\/div>\n<h2>\u0443\u043b. \u0411\u0440\u0438\u0432\u0438\u0431\u0430\u0441 193<span>d<\/span>,<br \/>\u0420\u0438\u0433\u0430<\/h2>\n\u0422\u0435\u043b.: (+371) 29246044<\/div>\n<\/div><\/div><\/div><div id=\"pgc-65-0-2\"  class=\"panel-grid-cell\" ><div id=\"panel-65-0-2-0\" class=\"so-panel widget widget_sow-editor panel-first-child panel-last-child\" data-index=\"2\" ><div\n\t\t\t\n\t\t\tclass=\"so-widget-sow-editor so-widget-sow-editor-base\"\n\t\t\t\n\t\t>\n<div class=\"siteorigin-widget-tinymce textwidget\">\n\t<h1>\u0412\u0440\u0435\u043c\u044f \u0440\u0430\u0431\u043e\u0442\u044b<\/h1>\n<div class=\"hr\"><\/div>\n<h2>\u041f. - \u0427. \u0441 11:00 \u0434\u043e 17:00<\/h2>\n<h3>\u041f\u0442. \u0441 11:00 \u0434\u043e 16:00<\/h3>\n<p>\u0412 \u0441\u0443\u0431\u0431\u043e\u0442\u0443 \u0438 \u0432 \u0440\u0430\u0431\u043e\u0447\u0438\u0435 \u0434\u043d\u0438 \u0432 \u0434\u0440\u0443\u0433\u043e\u0435 \u0432\u0440\u0435\u043c\u044f - \u043f\u043e \u043f\u0440\u0435\u0434\u0432\u0430\u0440\u0438\u0442\u0435\u043b\u044c\u043d\u043e\u0439 \u0434\u043e\u0433\u043e\u0432\u043e\u0440\u0451\u043d\u043d\u043e\u0441\u0442\u0438 \u0441 \u0440\u0443\u043a\u043e\u0432\u043e\u0434\u0438\u0442\u0435\u043b\u0435\u043c \u0441\u0430\u043b\u043e\u043d\u0430 \u0420\u0438\u0445\u0430\u0440\u0434\u043e\u043c \u0411\u0438\u0437\u0438\u043a\u043e\u043c,<br \/>\n\u0442\u0435\u043b. (+371) 29246044<br \/>\n\u0412\u043e\u0441\u043a\u0440\u0435\u0441\u0435\u043d\u044c\u0435: \u0432\u044b\u0445\u043e\u0434\u043d\u043e\u0439<\/p>\n<\/div>\n<\/div><\/div><\/div><div id=\"pgc-65-0-3\"  class=\"panel-grid-cell\" ><div id=\"panel-65-0-3-0\" class=\"so-panel widget widget_sow-editor panel-first-child panel-last-child\" data-index=\"3\" ><div\n\t\t\t\n\t\t\tclass=\"so-widget-sow-editor so-widget-sow-editor-base\"\n\t\t\t\n\t\t>\n<div class=\"siteorigin-widget-tinymce textwidget\">\n\t<h1>\u0420\u0435\u043a\u0432\u0438\u0437\u0438\u0442\u044b<\/h1>\n<div class=\"hr\"><\/div>\n<h2>SIA \u201cDavanti Lux\u201d<\/h2> \n\u0420\u0435\u0433. \u043d\u043e\u043c. LV40103695912\nR\u012bga, C\u0113su iel\u0101 31\/3, LV-1012  \nA\/S \u201cSEB banka\u201d, UNLALV2X, LV92UNLA0055000418841<\/div>\n<\/div><\/div><\/div><\/div><div id=\"pg-65-1\"  class=\"panel-grid panel-no-style\" ><div id=\"pgc-65-1-0\"  class=\"panel-grid-cell\" ><div id=\"panel-65-1-0-0\" class=\"so-panel widget widget_sow-google-map panel-first-child panel-last-child\" data-index=\"4\" ><div\n\t\t\t\n\t\t\tclass=\"so-widget-sow-google-map so-widget-sow-google-map-default-67982931ae57-65\"\n\t\t\t\n\t\t>\n<div class=\"sow-google-map-canvas\"\n\tstyle=\"\"\n\tid=\"map-canvas-e36b80ab874f5abb84fa3305e1490bb5\"\n\tdata-options=\"{&quot;address&quot;:&quot;&quot;,&quot;zoom&quot;:14,&quot;mobileZoom&quot;:14,&quot;gestureHandling&quot;:&quot;greedy&quot;,&quot;disableUi&quot;:false,&quot;markerIcon&quot;:false,&quot;markersDraggable&quot;:false,&quot;markerAtCenter&quot;:true,&quot;markerInfoDisplay&quot;:&quot;always&quot;,&quot;markerInfoMultiple&quot;:true,&quot;markerPositions&quot;:[{&quot;place&quot;:&quot;Br\\u012bv\\u012bbas iela 193 d, R\\u012bga, Latvija&quot;,&quot;info&quot;:&quot;&lt;b&gt;\\u0421\\u043a\\u043b\\u0430\\u0434&lt;\\\/b&gt;&quot;,&quot;infoSelectedEditor&quot;:&quot;html&quot;,&quot;infoMaxWidth&quot;:&quot;&quot;,&quot;customMarkerIcon&quot;:&quot;&quot;,&quot;customMarkerIconSize&quot;:&quot;&quot;},{&quot;place&quot;:&quot;C\\u0113su iela, 31, R\\u012bga, Latvija&quot;,&quot;info&quot;:&quot;&lt;b&gt;\\u0421\\u0430\\u043b\\u043e\\u043d&lt;\\\/b&gt;&quot;,&quot;infoSelectedEditor&quot;:&quot;html&quot;,&quot;infoMaxWidth&quot;:&quot;&quot;,&quot;customMarkerIcon&quot;:&quot;&quot;,&quot;customMarkerIconSize&quot;:&quot;&quot;}],&quot;mapName&quot;:false,&quot;mapStyles&quot;:false,&quot;directions&quot;:&quot;&quot;,&quot;apiKey&quot;:&quot;&quot;,&quot;breakpoint&quot;:&quot;780&quot;,&quot;id&quot;:&quot;69f0db&quot;}\"\n\tdata-fallback-image=\"{&quot;img&quot;:&quot;&quot;}\"><\/div>\n<\/div><\/div><\/div><\/div><\/div>","protected":false},"excerpt":{"rendered":"<p>\u0421\u0430\u043b\u043e\u043d \u0443\u043b. \u0426\u0435\u0441\u0443 31,\u0420\u0438\u0433\u0430 \u0422\u0435\u043b.: (+371) 67784277 \u042d\u043b. \u043f\u043e\u0447\u0442\u0430: &#115;&#097;&#108;&#111;&#110;&#115;&#064;&#100;&#097;&#118;&#097;&#110;&#116;&#105;&#046;&#108;&#118; \u0421\u043a\u043b\u0430\u0434 \u0443\u043b. \u0411\u0440\u0438\u0432\u0438\u0431\u0430\u0441 193d,\u0420\u0438\u0433\u0430 \u0422\u0435\u043b.: (+371) 29246044 \u0412\u0440\u0435\u043c\u044f \u0440\u0430\u0431\u043e\u0442\u044b \u041f. &#8212; \u0427. \u0441 11:00 \u0434\u043e 17:00 \u041f\u0442. \u0441 11:00 \u0434\u043e 16:00 \u0412 \u0441\u0443\u0431\u0431\u043e\u0442\u0443 \u0438 \u0432 \u0440\u0430\u0431\u043e\u0447\u0438\u0435 \u0434\u043d\u0438 \u0432 \u0434\u0440\u0443\u0433\u043e\u0435 \u0432\u0440\u0435\u043c\u044f &#8212; \u043f\u043e \u043f\u0440\u0435\u0434\u0432\u0430\u0440\u0438\u0442\u0435\u043b\u044c\u043d\u043e\u0439 \u0434\u043e\u0433\u043e\u0432\u043e\u0440\u0451\u043d\u043d\u043e\u0441\u0442\u0438 \u0441 \u0440\u0443\u043a\u043e\u0432\u043e\u0434\u0438\u0442\u0435\u043b\u0435\u043c \u0441\u0430\u043b\u043e\u043d\u0430 \u0420\u0438\u0445\u0430\u0440\u0434\u043e\u043c \u0411\u0438\u0437\u0438\u043a\u043e\u043c, \u0442\u0435\u043b. (+371) 29246044 \u0412\u043e\u0441\u043a\u0440\u0435\u0441\u0435\u043d\u044c\u0435: \u0432\u044b\u0445\u043e\u0434\u043d\u043e\u0439 \u0420\u0435\u043a\u0432\u0438\u0437\u0438\u0442\u044b [&hellip;]<\/p>\n","protected":false},"author":1,"featured_media":94,"parent":0,"menu_order":0,"comment_status":"closed","ping_status":"closed","template":"template-contacts.php","meta":{"footnotes":""},"class_list":["post-65","page","type-page","status-publish","has-post-thumbnail","hentry"],"yoast_head":"<!-- This site is optimized with the Yoast SEO plugin v25.7 - https:\/\/yoast.com\/wordpress\/plugins\/seo\/ -->\n<title>\u041a\u043e\u043d\u0442\u0430\u043a\u0442\u044b - Davanti<\/title>\n<meta name=\"robots\" content=\"index, follow, max-snippet:-1, max-image-preview:large, max-video-preview:-1\" \/>\n<link rel=\"canonical\" href=\"http:\/\/davanti.lv\/contacts\/\" \/>\n<meta property=\"og:locale\" content=\"ru_RU\" \/>\n<meta property=\"og:type\" content=\"article\" \/>\n<meta property=\"og:title\" content=\"\u041a\u043e\u043d\u0442\u0430\u043a\u0442\u044b - Davanti\" \/>\n<meta property=\"og:description\" content=\"\u0421\u0430\u043b\u043e\u043d \u0443\u043b. \u0426\u0435\u0441\u0443 31,\u0420\u0438\u0433\u0430 \u0422\u0435\u043b.: (+371) 67784277 \u042d\u043b. \u043f\u043e\u0447\u0442\u0430: &#115;&#097;&#108;&#111;&#110;&#115;&#064;&#100;&#097;&#118;&#097;&#110;&#116;&#105;&#046;&#108;&#118; \u0421\u043a\u043b\u0430\u0434 \u0443\u043b. \u0411\u0440\u0438\u0432\u0438\u0431\u0430\u0441 193d,\u0420\u0438\u0433\u0430 \u0422\u0435\u043b.: (+371) 29246044 \u0412\u0440\u0435\u043c\u044f \u0440\u0430\u0431\u043e\u0442\u044b \u041f. - \u0427. \u0441 11:00 \u0434\u043e 17:00 \u041f\u0442. \u0441 11:00 \u0434\u043e 16:00 \u0412 \u0441\u0443\u0431\u0431\u043e\u0442\u0443 \u0438 \u0432 \u0440\u0430\u0431\u043e\u0447\u0438\u0435 \u0434\u043d\u0438 \u0432 \u0434\u0440\u0443\u0433\u043e\u0435 \u0432\u0440\u0435\u043c\u044f - \u043f\u043e \u043f\u0440\u0435\u0434\u0432\u0430\u0440\u0438\u0442\u0435\u043b\u044c\u043d\u043e\u0439 \u0434\u043e\u0433\u043e\u0432\u043e\u0440\u0451\u043d\u043d\u043e\u0441\u0442\u0438 \u0441 \u0440\u0443\u043a\u043e\u0432\u043e\u0434\u0438\u0442\u0435\u043b\u0435\u043c \u0441\u0430\u043b\u043e\u043d\u0430 \u0420\u0438\u0445\u0430\u0440\u0434\u043e\u043c \u0411\u0438\u0437\u0438\u043a\u043e\u043c, \u0442\u0435\u043b. (+371) 29246044 \u0412\u043e\u0441\u043a\u0440\u0435\u0441\u0435\u043d\u044c\u0435: \u0432\u044b\u0445\u043e\u0434\u043d\u043e\u0439 \u0420\u0435\u043a\u0432\u0438\u0437\u0438\u0442\u044b [&hellip;]\" \/>\n<meta property=\"og:url\" content=\"http:\/\/davanti.lv\/contacts\/\" \/>\n<meta property=\"og:site_name\" content=\"Davanti\" \/>\n<meta property=\"article:modified_time\" content=\"2025-02-06T16:07:16+00:00\" \/>\n<meta property=\"og:image\" content=\"http:\/\/davanti.lv\/wordpress\/wp-content\/uploads\/2016\/03\/laptop-943559_1920-e1469626947112.jpg\" \/>\n\t<meta property=\"og:image:width\" content=\"1000\" \/>\n\t<meta property=\"og:image:height\" content=\"667\" \/>\n\t<meta property=\"og:image:type\" content=\"image\/jpeg\" \/>\n<meta name=\"twitter:card\" content=\"summary_large_image\" \/>\n<meta name=\"twitter:label1\" content=\"\u041f\u0440\u0438\u043c\u0435\u0440\u043d\u043e\u0435 \u0432\u0440\u0435\u043c\u044f \u0434\u043b\u044f \u0447\u0442\u0435\u043d\u0438\u044f\" \/>\n\t<meta name=\"twitter:data1\" content=\"1 \u043c\u0438\u043d\u0443\u0442\u0430\" \/>\n<script type=\"application\/ld+json\" class=\"yoast-schema-graph\">{\"@context\":\"https:\/\/schema.org\",\"@graph\":[{\"@type\":\"WebPage\",\"@id\":\"http:\/\/davanti.lv\/contacts\/\",\"url\":\"http:\/\/davanti.lv\/contacts\/\",\"name\":\"\u041a\u043e\u043d\u0442\u0430\u043a\u0442\u044b - Davanti\",\"isPartOf\":{\"@id\":\"http:\/\/davanti.lv\/#website\"},\"primaryImageOfPage\":{\"@id\":\"http:\/\/davanti.lv\/contacts\/#primaryimage\"},\"image\":{\"@id\":\"http:\/\/davanti.lv\/contacts\/#primaryimage\"},\"thumbnailUrl\":\"https:\/\/davanti.lv\/wordpress\/wp-content\/uploads\/2016\/03\/laptop-943559_1920-e1469626947112.jpg\",\"datePublished\":\"2016-03-30T15:15:28+00:00\",\"dateModified\":\"2025-02-06T16:07:16+00:00\",\"breadcrumb\":{\"@id\":\"http:\/\/davanti.lv\/contacts\/#breadcrumb\"},\"inLanguage\":\"ru-RU\",\"potentialAction\":[{\"@type\":\"ReadAction\",\"target\":[\"http:\/\/davanti.lv\/contacts\/\"]}]},{\"@type\":\"ImageObject\",\"inLanguage\":\"ru-RU\",\"@id\":\"http:\/\/davanti.lv\/contacts\/#primaryimage\",\"url\":\"https:\/\/davanti.lv\/wordpress\/wp-content\/uploads\/2016\/03\/laptop-943559_1920-e1469626947112.jpg\",\"contentUrl\":\"https:\/\/davanti.lv\/wordpress\/wp-content\/uploads\/2016\/03\/laptop-943559_1920-e1469626947112.jpg\",\"width\":1000,\"height\":667},{\"@type\":\"BreadcrumbList\",\"@id\":\"http:\/\/davanti.lv\/contacts\/#breadcrumb\",\"itemListElement\":[{\"@type\":\"ListItem\",\"position\":1,\"name\":\"Home\",\"item\":\"http:\/\/davanti.lv\/\"},{\"@type\":\"ListItem\",\"position\":2,\"name\":\"Contacts\"}]},{\"@type\":\"WebSite\",\"@id\":\"http:\/\/davanti.lv\/#website\",\"url\":\"http:\/\/davanti.lv\/\",\"name\":\"Davanti\",\"description\":\"\u0418\u0441\u043a\u0443\u0441\u0441\u0442\u0432\u043e \u0431\u044b\u0442\u044c \u044d\u043b\u0435\u0433\u0430\u043d\u0442\u043d\u044b\u043c\u0438 \u0432 \u043a\u0430\u0436\u0434\u043e\u043c \u043d\u044e\u0430\u043d\u0441\u0435\",\"potentialAction\":[{\"@type\":\"SearchAction\",\"target\":{\"@type\":\"EntryPoint\",\"urlTemplate\":\"http:\/\/davanti.lv\/?s={search_term_string}\"},\"query-input\":{\"@type\":\"PropertyValueSpecification\",\"valueRequired\":true,\"valueName\":\"search_term_string\"}}],\"inLanguage\":\"ru-RU\"}]}<\/script>\n<!-- \/ Yoast SEO plugin. -->","yoast_head_json":{"title":"\u041a\u043e\u043d\u0442\u0430\u043a\u0442\u044b - Davanti","robots":{"index":"index","follow":"follow","max-snippet":"max-snippet:-1","max-image-preview":"max-image-preview:large","max-video-preview":"max-video-preview:-1"},"canonical":"http:\/\/davanti.lv\/contacts\/","og_locale":"ru_RU","og_type":"article","og_title":"\u041a\u043e\u043d\u0442\u0430\u043a\u0442\u044b - Davanti","og_description":"\u0421\u0430\u043b\u043e\u043d \u0443\u043b. \u0426\u0435\u0441\u0443 31,\u0420\u0438\u0433\u0430 \u0422\u0435\u043b.: (+371) 67784277 \u042d\u043b. \u043f\u043e\u0447\u0442\u0430: &#115;&#097;&#108;&#111;&#110;&#115;&#064;&#100;&#097;&#118;&#097;&#110;&#116;&#105;&#046;&#108;&#118; \u0421\u043a\u043b\u0430\u0434 \u0443\u043b. \u0411\u0440\u0438\u0432\u0438\u0431\u0430\u0441 193d,\u0420\u0438\u0433\u0430 \u0422\u0435\u043b.: (+371) 29246044 \u0412\u0440\u0435\u043c\u044f \u0440\u0430\u0431\u043e\u0442\u044b \u041f. - \u0427. \u0441 11:00 \u0434\u043e 17:00 \u041f\u0442. \u0441 11:00 \u0434\u043e 16:00 \u0412 \u0441\u0443\u0431\u0431\u043e\u0442\u0443 \u0438 \u0432 \u0440\u0430\u0431\u043e\u0447\u0438\u0435 \u0434\u043d\u0438 \u0432 \u0434\u0440\u0443\u0433\u043e\u0435 \u0432\u0440\u0435\u043c\u044f - \u043f\u043e \u043f\u0440\u0435\u0434\u0432\u0430\u0440\u0438\u0442\u0435\u043b\u044c\u043d\u043e\u0439 \u0434\u043e\u0433\u043e\u0432\u043e\u0440\u0451\u043d\u043d\u043e\u0441\u0442\u0438 \u0441 \u0440\u0443\u043a\u043e\u0432\u043e\u0434\u0438\u0442\u0435\u043b\u0435\u043c \u0441\u0430\u043b\u043e\u043d\u0430 \u0420\u0438\u0445\u0430\u0440\u0434\u043e\u043c \u0411\u0438\u0437\u0438\u043a\u043e\u043c, \u0442\u0435\u043b. (+371) 29246044 \u0412\u043e\u0441\u043a\u0440\u0435\u0441\u0435\u043d\u044c\u0435: \u0432\u044b\u0445\u043e\u0434\u043d\u043e\u0439 \u0420\u0435\u043a\u0432\u0438\u0437\u0438\u0442\u044b [&hellip;]","og_url":"http:\/\/davanti.lv\/contacts\/","og_site_name":"Davanti","article_modified_time":"2025-02-06T16:07:16+00:00","og_image":[{"width":1000,"height":667,"url":"http:\/\/davanti.lv\/wordpress\/wp-content\/uploads\/2016\/03\/laptop-943559_1920-e1469626947112.jpg","type":"image\/jpeg"}],"twitter_card":"summary_large_image","twitter_misc":{"\u041f\u0440\u0438\u043c\u0435\u0440\u043d\u043e\u0435 \u0432\u0440\u0435\u043c\u044f \u0434\u043b\u044f \u0447\u0442\u0435\u043d\u0438\u044f":"1 \u043c\u0438\u043d\u0443\u0442\u0430"},"schema":{"@context":"https:\/\/schema.org","@graph":[{"@type":"WebPage","@id":"http:\/\/davanti.lv\/contacts\/","url":"http:\/\/davanti.lv\/contacts\/","name":"\u041a\u043e\u043d\u0442\u0430\u043a\u0442\u044b - Davanti","isPartOf":{"@id":"http:\/\/davanti.lv\/#website"},"primaryImageOfPage":{"@id":"http:\/\/davanti.lv\/contacts\/#primaryimage"},"image":{"@id":"http:\/\/davanti.lv\/contacts\/#primaryimage"},"thumbnailUrl":"https:\/\/davanti.lv\/wordpress\/wp-content\/uploads\/2016\/03\/laptop-943559_1920-e1469626947112.jpg","datePublished":"2016-03-30T15:15:28+00:00","dateModified":"2025-02-06T16:07:16+00:00","breadcrumb":{"@id":"http:\/\/davanti.lv\/contacts\/#breadcrumb"},"inLanguage":"ru-RU","potentialAction":[{"@type":"ReadAction","target":["http:\/\/davanti.lv\/contacts\/"]}]},{"@type":"ImageObject","inLanguage":"ru-RU","@id":"http:\/\/davanti.lv\/contacts\/#primaryimage","url":"https:\/\/davanti.lv\/wordpress\/wp-content\/uploads\/2016\/03\/laptop-943559_1920-e1469626947112.jpg","contentUrl":"https:\/\/davanti.lv\/wordpress\/wp-content\/uploads\/2016\/03\/laptop-943559_1920-e1469626947112.jpg","width":1000,"height":667},{"@type":"BreadcrumbList","@id":"http:\/\/davanti.lv\/contacts\/#breadcrumb","itemListElement":[{"@type":"ListItem","position":1,"name":"Home","item":"http:\/\/davanti.lv\/"},{"@type":"ListItem","position":2,"name":"Contacts"}]},{"@type":"WebSite","@id":"http:\/\/davanti.lv\/#website","url":"http:\/\/davanti.lv\/","name":"Davanti","description":"\u0418\u0441\u043a\u0443\u0441\u0441\u0442\u0432\u043e \u0431\u044b\u0442\u044c \u044d\u043b\u0435\u0433\u0430\u043d\u0442\u043d\u044b\u043c\u0438 \u0432 \u043a\u0430\u0436\u0434\u043e\u043c \u043d\u044e\u0430\u043d\u0441\u0435","potentialAction":[{"@type":"SearchAction","target":{"@type":"EntryPoint","urlTemplate":"http:\/\/davanti.lv\/?s={search_term_string}"},"query-input":{"@type":"PropertyValueSpecification","valueRequired":true,"valueName":"search_term_string"}}],"inLanguage":"ru-RU"}]}},"_links":{"self":[{"href":"https:\/\/davanti.lv\/ru\/wp-json\/wp\/v2\/pages\/65","targetHints":{"allow":["GET"]}}],"collection":[{"href":"https:\/\/davanti.lv\/ru\/wp-json\/wp\/v2\/pages"}],"about":[{"href":"https:\/\/davanti.lv\/ru\/wp-json\/wp\/v2\/types\/page"}],"author":[{"embeddable":true,"href":"https:\/\/davanti.lv\/ru\/wp-json\/wp\/v2\/users\/1"}],"replies":[{"embeddable":true,"href":"https:\/\/davanti.lv\/ru\/wp-json\/wp\/v2\/comments?post=65"}],"version-history":[{"count":46,"href":"https:\/\/davanti.lv\/ru\/wp-json\/wp\/v2\/pages\/65\/revisions"}],"predecessor-version":[{"id":734,"href":"https:\/\/davanti.lv\/ru\/wp-json\/wp\/v2\/pages\/65\/revisions\/734"}],"wp:featuredmedia":[{"embeddable":true,"href":"https:\/\/davanti.lv\/ru\/wp-json\/wp\/v2\/media\/94"}],"wp:attachment":[{"href":"https:\/\/davanti.lv\/ru\/wp-json\/wp\/v2\/media?parent=65"}],"curies":[{"name":"wp","href":"https:\/\/api.w.org\/{rel}","templated":true}]}}