{"id":58,"date":"2016-03-30T15:12:09","date_gmt":"2016-03-30T15:12:09","guid":{"rendered":"http:\/\/davanti.lv\/wordpress\/?page_id=58"},"modified":"2025-10-14T00:52:27","modified_gmt":"2025-10-14T00:52:27","slug":"products","status":"publish","type":"page","link":"https:\/\/davanti.lv\/lv\/products\/","title":{"rendered":"Produkcija"},"content":{"rendered":"","protected":false},"excerpt":{"rendered":"","protected":false},"author":1,"featured_media":243,"parent":0,"menu_order":0,"comment_status":"closed","ping_status":"closed","template":"template-services.php","meta":{"footnotes":""},"class_list":["post-58","page","type-page","status-publish","has-post-thumbnail","hentry"],"yoast_head":"<!-- This site is optimized with the Yoast SEO plugin v25.7 - https:\/\/yoast.com\/wordpress\/plugins\/seo\/ -->\n<title>Produkcija - Davanti<\/title>\n<meta name=\"robots\" content=\"index, follow, max-snippet:-1, max-image-preview:large, max-video-preview:-1\" \/>\n<link rel=\"canonical\" href=\"http:\/\/davanti.lv\/products\/\" \/>\n<meta property=\"og:locale\" content=\"lv_LV\" \/>\n<meta property=\"og:type\" content=\"article\" \/>\n<meta property=\"og:title\" content=\"Produkcija - Davanti\" \/>\n<meta property=\"og:url\" content=\"http:\/\/davanti.lv\/products\/\" \/>\n<meta property=\"og:site_name\" content=\"Davanti\" \/>\n<meta property=\"article:modified_time\" content=\"2025-10-14T00:52:27+00:00\" \/>\n<meta property=\"og:image\" content=\"http:\/\/davanti.lv\/wordpress\/wp-content\/uploads\/2016\/03\/garderobes-e1469626520503.jpg\" \/>\n\t<meta property=\"og:image:width\" content=\"1200\" \/>\n\t<meta property=\"og:image:height\" content=\"810\" \/>\n\t<meta property=\"og:image:type\" content=\"image\/jpeg\" \/>\n<meta name=\"twitter:card\" content=\"summary_large_image\" \/>\n<meta name=\"twitter:label1\" content=\"Est. reading time\" \/>\n\t<meta name=\"twitter:data1\" content=\"1 minute\" \/>\n<script type=\"application\/ld+json\" class=\"yoast-schema-graph\">{\"@context\":\"https:\/\/schema.org\",\"@graph\":[{\"@type\":\"WebPage\",\"@id\":\"http:\/\/davanti.lv\/products\/\",\"url\":\"http:\/\/davanti.lv\/products\/\",\"name\":\"Produkcija - Davanti\",\"isPartOf\":{\"@id\":\"http:\/\/davanti.lv\/#website\"},\"primaryImageOfPage\":{\"@id\":\"http:\/\/davanti.lv\/products\/#primaryimage\"},\"image\":{\"@id\":\"http:\/\/davanti.lv\/products\/#primaryimage\"},\"thumbnailUrl\":\"https:\/\/davanti.lv\/wordpress\/wp-content\/uploads\/2016\/03\/garderobes-e1469626520503.jpg\",\"datePublished\":\"2016-03-30T15:12:09+00:00\",\"dateModified\":\"2025-10-14T00:52:27+00:00\",\"breadcrumb\":{\"@id\":\"http:\/\/davanti.lv\/products\/#breadcrumb\"},\"inLanguage\":\"lv-LV\",\"potentialAction\":[{\"@type\":\"ReadAction\",\"target\":[\"http:\/\/davanti.lv\/products\/\"]}]},{\"@type\":\"ImageObject\",\"inLanguage\":\"lv-LV\",\"@id\":\"http:\/\/davanti.lv\/products\/#primaryimage\",\"url\":\"https:\/\/davanti.lv\/wordpress\/wp-content\/uploads\/2016\/03\/garderobes-e1469626520503.jpg\",\"contentUrl\":\"https:\/\/davanti.lv\/wordpress\/wp-content\/uploads\/2016\/03\/garderobes-e1469626520503.jpg\",\"width\":1200,\"height\":810},{\"@type\":\"BreadcrumbList\",\"@id\":\"http:\/\/davanti.lv\/products\/#breadcrumb\",\"itemListElement\":[{\"@type\":\"ListItem\",\"position\":1,\"name\":\"Home\",\"item\":\"http:\/\/davanti.lv\/\"},{\"@type\":\"ListItem\",\"position\":2,\"name\":\"Products\"}]},{\"@type\":\"WebSite\",\"@id\":\"http:\/\/davanti.lv\/#website\",\"url\":\"http:\/\/davanti.lv\/\",\"name\":\"Davanti\",\"description\":\"M\u0113be\u013cu dizains, k\u0101 dz\u012bves stils\",\"potentialAction\":[{\"@type\":\"SearchAction\",\"target\":{\"@type\":\"EntryPoint\",\"urlTemplate\":\"http:\/\/davanti.lv\/?s={search_term_string}\"},\"query-input\":{\"@type\":\"PropertyValueSpecification\",\"valueRequired\":true,\"valueName\":\"search_term_string\"}}],\"inLanguage\":\"lv-LV\"}]}<\/script>\n<!-- \/ Yoast SEO plugin. -->","yoast_head_json":{"title":"Produkcija - Davanti","robots":{"index":"index","follow":"follow","max-snippet":"max-snippet:-1","max-image-preview":"max-image-preview:large","max-video-preview":"max-video-preview:-1"},"canonical":"http:\/\/davanti.lv\/products\/","og_locale":"lv_LV","og_type":"article","og_title":"Produkcija - Davanti","og_url":"http:\/\/davanti.lv\/products\/","og_site_name":"Davanti","article_modified_time":"2025-10-14T00:52:27+00:00","og_image":[{"width":1200,"height":810,"url":"http:\/\/davanti.lv\/wordpress\/wp-content\/uploads\/2016\/03\/garderobes-e1469626520503.jpg","type":"image\/jpeg"}],"twitter_card":"summary_large_image","twitter_misc":{"Est. reading time":"1 minute"},"schema":{"@context":"https:\/\/schema.org","@graph":[{"@type":"WebPage","@id":"http:\/\/davanti.lv\/products\/","url":"http:\/\/davanti.lv\/products\/","name":"Produkcija - Davanti","isPartOf":{"@id":"http:\/\/davanti.lv\/#website"},"primaryImageOfPage":{"@id":"http:\/\/davanti.lv\/products\/#primaryimage"},"image":{"@id":"http:\/\/davanti.lv\/products\/#primaryimage"},"thumbnailUrl":"https:\/\/davanti.lv\/wordpress\/wp-content\/uploads\/2016\/03\/garderobes-e1469626520503.jpg","datePublished":"2016-03-30T15:12:09+00:00","dateModified":"2025-10-14T00:52:27+00:00","breadcrumb":{"@id":"http:\/\/davanti.lv\/products\/#breadcrumb"},"inLanguage":"lv-LV","potentialAction":[{"@type":"ReadAction","target":["http:\/\/davanti.lv\/products\/"]}]},{"@type":"ImageObject","inLanguage":"lv-LV","@id":"http:\/\/davanti.lv\/products\/#primaryimage","url":"https:\/\/davanti.lv\/wordpress\/wp-content\/uploads\/2016\/03\/garderobes-e1469626520503.jpg","contentUrl":"https:\/\/davanti.lv\/wordpress\/wp-content\/uploads\/2016\/03\/garderobes-e1469626520503.jpg","width":1200,"height":810},{"@type":"BreadcrumbList","@id":"http:\/\/davanti.lv\/products\/#breadcrumb","itemListElement":[{"@type":"ListItem","position":1,"name":"Home","item":"http:\/\/davanti.lv\/"},{"@type":"ListItem","position":2,"name":"Products"}]},{"@type":"WebSite","@id":"http:\/\/davanti.lv\/#website","url":"http:\/\/davanti.lv\/","name":"Davanti","description":"M\u0113be\u013cu dizains, k\u0101 dz\u012bves stils","potentialAction":[{"@type":"SearchAction","target":{"@type":"EntryPoint","urlTemplate":"http:\/\/davanti.lv\/?s={search_term_string}"},"query-input":{"@type":"PropertyValueSpecification","valueRequired":true,"valueName":"search_term_string"}}],"inLanguage":"lv-LV"}]}},"_links":{"self":[{"href":"https:\/\/davanti.lv\/lv\/wp-json\/wp\/v2\/pages\/58","targetHints":{"allow":["GET"]}}],"collection":[{"href":"https:\/\/davanti.lv\/lv\/wp-json\/wp\/v2\/pages"}],"about":[{"href":"https:\/\/davanti.lv\/lv\/wp-json\/wp\/v2\/types\/page"}],"author":[{"embeddable":true,"href":"https:\/\/davanti.lv\/lv\/wp-json\/wp\/v2\/users\/1"}],"replies":[{"embeddable":true,"href":"https:\/\/davanti.lv\/lv\/wp-json\/wp\/v2\/comments?post=58"}],"version-history":[{"count":13,"href":"https:\/\/davanti.lv\/lv\/wp-json\/wp\/v2\/pages\/58\/revisions"}],"predecessor-version":[{"id":812,"href":"https:\/\/davanti.lv\/lv\/wp-json\/wp\/v2\/pages\/58\/revisions\/812"}],"wp:featuredmedia":[{"embeddable":true,"href":"https:\/\/davanti.lv\/lv\/wp-json\/wp\/v2\/media\/243"}],"wp:attachment":[{"href":"https:\/\/davanti.lv\/lv\/wp-json\/wp\/v2\/media?parent=58"}],"curies":[{"name":"wp","href":"https:\/\/api.w.org\/{rel}","templated":true}]}}