{"id":10,"date":"2016-03-24T16:20:12","date_gmt":"2016-03-24T16:20:12","guid":{"rendered":"http:\/\/davanti.lv\/wordpress\/?page_id=10"},"modified":"2025-10-14T13:50:11","modified_gmt":"2025-10-14T13:50:11","slug":"homepage","status":"publish","type":"page","link":"https:\/\/davanti.lv\/lv\/","title":{"rendered":"Davanti"},"content":{"rendered":"","protected":false},"excerpt":{"rendered":"","protected":false},"author":1,"featured_media":603,"parent":0,"menu_order":0,"comment_status":"closed","ping_status":"closed","template":"template-home.php","meta":{"footnotes":""},"class_list":["post-10","page","type-page","status-publish","has-post-thumbnail","hentry"],"yoast_head":"<!-- This site is optimized with the Yoast SEO plugin v25.7 - https:\/\/yoast.com\/wordpress\/plugins\/seo\/ -->\n<title>Davanti - Davanti<\/title>\n<meta name=\"robots\" content=\"index, follow, max-snippet:-1, max-image-preview:large, max-video-preview:-1\" \/>\n<link rel=\"canonical\" href=\"http:\/\/davanti.lv\/\" \/>\n<meta property=\"og:locale\" content=\"lv_LV\" \/>\n<meta property=\"og:type\" content=\"article\" \/>\n<meta property=\"og:title\" content=\"The Art of Being Elegant in Each Nuance\" \/>\n<meta property=\"og:url\" content=\"http:\/\/davanti.lv\/\" \/>\n<meta property=\"og:site_name\" content=\"Davanti\" \/>\n<meta property=\"article:modified_time\" content=\"2025-10-14T13:50:11+00:00\" \/>\n<meta property=\"og:image\" content=\"http:\/\/davanti.lv\/wordpress\/wp-content\/uploads\/2016\/03\/logo.png\" \/>\n<meta name=\"twitter:card\" content=\"summary_large_image\" \/>\n<meta name=\"twitter:title\" content=\"The Art of Being Elegant in Each Nuance\" \/>\n<meta name=\"twitter:image\" content=\"http:\/\/davanti.lv\/wordpress\/wp-content\/uploads\/2016\/03\/logo.png\" \/>\n<meta name=\"twitter:label1\" content=\"Est. reading time\" \/>\n\t<meta name=\"twitter:data1\" content=\"1 minute\" \/>\n<script type=\"application\/ld+json\" class=\"yoast-schema-graph\">{\"@context\":\"https:\/\/schema.org\",\"@graph\":[{\"@type\":\"WebPage\",\"@id\":\"http:\/\/davanti.lv\/\",\"url\":\"http:\/\/davanti.lv\/\",\"name\":\"Davanti - Davanti\",\"isPartOf\":{\"@id\":\"http:\/\/davanti.lv\/#website\"},\"primaryImageOfPage\":{\"@id\":\"http:\/\/davanti.lv\/#primaryimage\"},\"image\":{\"@id\":\"http:\/\/davanti.lv\/#primaryimage\"},\"thumbnailUrl\":\"https:\/\/davanti.lv\/wordpress\/wp-content\/uploads\/2016\/03\/Davanti_Lux_logo.jpg\",\"datePublished\":\"2016-03-24T16:20:12+00:00\",\"dateModified\":\"2025-10-14T13:50:11+00:00\",\"breadcrumb\":{\"@id\":\"http:\/\/davanti.lv\/#breadcrumb\"},\"inLanguage\":\"lv-LV\",\"potentialAction\":[{\"@type\":\"ReadAction\",\"target\":[\"http:\/\/davanti.lv\/\"]}]},{\"@type\":\"ImageObject\",\"inLanguage\":\"lv-LV\",\"@id\":\"http:\/\/davanti.lv\/#primaryimage\",\"url\":\"https:\/\/davanti.lv\/wordpress\/wp-content\/uploads\/2016\/03\/Davanti_Lux_logo.jpg\",\"contentUrl\":\"https:\/\/davanti.lv\/wordpress\/wp-content\/uploads\/2016\/03\/Davanti_Lux_logo.jpg\",\"width\":680,\"height\":209},{\"@type\":\"BreadcrumbList\",\"@id\":\"http:\/\/davanti.lv\/#breadcrumb\",\"itemListElement\":[{\"@type\":\"ListItem\",\"position\":1,\"name\":\"Home\",\"item\":\"http:\/\/davanti.lv\/\"},{\"@type\":\"ListItem\",\"position\":2,\"name\":\"Davanti\"}]},{\"@type\":\"WebSite\",\"@id\":\"http:\/\/davanti.lv\/#website\",\"url\":\"http:\/\/davanti.lv\/\",\"name\":\"Davanti\",\"description\":\"M\u0113be\u013cu dizains, k\u0101 dz\u012bves stils\",\"potentialAction\":[{\"@type\":\"SearchAction\",\"target\":{\"@type\":\"EntryPoint\",\"urlTemplate\":\"http:\/\/davanti.lv\/?s={search_term_string}\"},\"query-input\":{\"@type\":\"PropertyValueSpecification\",\"valueRequired\":true,\"valueName\":\"search_term_string\"}}],\"inLanguage\":\"lv-LV\"}]}<\/script>\n<!-- \/ Yoast SEO plugin. -->","yoast_head_json":{"title":"Davanti - Davanti","robots":{"index":"index","follow":"follow","max-snippet":"max-snippet:-1","max-image-preview":"max-image-preview:large","max-video-preview":"max-video-preview:-1"},"canonical":"http:\/\/davanti.lv\/","og_locale":"lv_LV","og_type":"article","og_title":"The Art of Being Elegant in Each Nuance","og_url":"http:\/\/davanti.lv\/","og_site_name":"Davanti","article_modified_time":"2025-10-14T13:50:11+00:00","og_image":[{"url":"http:\/\/davanti.lv\/wordpress\/wp-content\/uploads\/2016\/03\/logo.png","type":"","width":"","height":""}],"twitter_card":"summary_large_image","twitter_title":"The Art of Being Elegant in Each Nuance","twitter_image":"http:\/\/davanti.lv\/wordpress\/wp-content\/uploads\/2016\/03\/logo.png","twitter_misc":{"Est. reading time":"1 minute"},"schema":{"@context":"https:\/\/schema.org","@graph":[{"@type":"WebPage","@id":"http:\/\/davanti.lv\/","url":"http:\/\/davanti.lv\/","name":"Davanti - Davanti","isPartOf":{"@id":"http:\/\/davanti.lv\/#website"},"primaryImageOfPage":{"@id":"http:\/\/davanti.lv\/#primaryimage"},"image":{"@id":"http:\/\/davanti.lv\/#primaryimage"},"thumbnailUrl":"https:\/\/davanti.lv\/wordpress\/wp-content\/uploads\/2016\/03\/Davanti_Lux_logo.jpg","datePublished":"2016-03-24T16:20:12+00:00","dateModified":"2025-10-14T13:50:11+00:00","breadcrumb":{"@id":"http:\/\/davanti.lv\/#breadcrumb"},"inLanguage":"lv-LV","potentialAction":[{"@type":"ReadAction","target":["http:\/\/davanti.lv\/"]}]},{"@type":"ImageObject","inLanguage":"lv-LV","@id":"http:\/\/davanti.lv\/#primaryimage","url":"https:\/\/davanti.lv\/wordpress\/wp-content\/uploads\/2016\/03\/Davanti_Lux_logo.jpg","contentUrl":"https:\/\/davanti.lv\/wordpress\/wp-content\/uploads\/2016\/03\/Davanti_Lux_logo.jpg","width":680,"height":209},{"@type":"BreadcrumbList","@id":"http:\/\/davanti.lv\/#breadcrumb","itemListElement":[{"@type":"ListItem","position":1,"name":"Home","item":"http:\/\/davanti.lv\/"},{"@type":"ListItem","position":2,"name":"Davanti"}]},{"@type":"WebSite","@id":"http:\/\/davanti.lv\/#website","url":"http:\/\/davanti.lv\/","name":"Davanti","description":"M\u0113be\u013cu dizains, k\u0101 dz\u012bves stils","potentialAction":[{"@type":"SearchAction","target":{"@type":"EntryPoint","urlTemplate":"http:\/\/davanti.lv\/?s={search_term_string}"},"query-input":{"@type":"PropertyValueSpecification","valueRequired":true,"valueName":"search_term_string"}}],"inLanguage":"lv-LV"}]}},"_links":{"self":[{"href":"https:\/\/davanti.lv\/lv\/wp-json\/wp\/v2\/pages\/10","targetHints":{"allow":["GET"]}}],"collection":[{"href":"https:\/\/davanti.lv\/lv\/wp-json\/wp\/v2\/pages"}],"about":[{"href":"https:\/\/davanti.lv\/lv\/wp-json\/wp\/v2\/types\/page"}],"author":[{"embeddable":true,"href":"https:\/\/davanti.lv\/lv\/wp-json\/wp\/v2\/users\/1"}],"replies":[{"embeddable":true,"href":"https:\/\/davanti.lv\/lv\/wp-json\/wp\/v2\/comments?post=10"}],"version-history":[{"count":7,"href":"https:\/\/davanti.lv\/lv\/wp-json\/wp\/v2\/pages\/10\/revisions"}],"predecessor-version":[{"id":819,"href":"https:\/\/davanti.lv\/lv\/wp-json\/wp\/v2\/pages\/10\/revisions\/819"}],"wp:featuredmedia":[{"embeddable":true,"href":"https:\/\/davanti.lv\/lv\/wp-json\/wp\/v2\/media\/603"}],"wp:attachment":[{"href":"https:\/\/davanti.lv\/lv\/wp-json\/wp\/v2\/media?parent=10"}],"curies":[{"name":"wp","href":"https:\/\/api.w.org\/{rel}","templated":true}]}}