{"id":65,"date":"2016-03-30T15:15:28","date_gmt":"2016-03-30T15:15:28","guid":{"rendered":"http:\/\/davanti.lv\/wordpress\/?page_id=65"},"modified":"2025-02-06T16:07:16","modified_gmt":"2025-02-06T16:07:16","slug":"contacts","status":"publish","type":"page","link":"http:\/\/davanti.lv\/lv\/contacts\/","title":{"rendered":"Kontakti"},"content":{"rendered":"<div id=\"pl-65\"  class=\"panel-layout\" ><div id=\"pg-65-0\"  class=\"panel-grid panel-no-style\" ><div id=\"pgc-65-0-0\"  class=\"panel-grid-cell\" ><div id=\"panel-65-0-0-0\" class=\"so-panel widget widget_sow-editor panel-first-child panel-last-child\" data-index=\"0\" ><div\n\t\t\t\n\t\t\tclass=\"so-widget-sow-editor so-widget-sow-editor-base\"\n\t\t\t\n\t\t>\n<div class=\"siteorigin-widget-tinymce textwidget\">\n\t<h1>Salons<\/h1>\n<div class=\"hr\"><\/div>\n<h2>C\u0113su iela 31,<br \/>R\u012bga<\/h2>\nTalr.: (+371) 67784277\nE-pasts: &#115;&#097;&#108;&#111;&#110;&#115;&#064;&#100;&#097;&#118;&#097;&#110;&#116;&#105;&#046;&#108;&#118;<\/div>\n<\/div><\/div><\/div><div id=\"pgc-65-0-1\"  class=\"panel-grid-cell\" ><div id=\"panel-65-0-1-0\" class=\"so-panel widget widget_sow-editor panel-first-child panel-last-child\" data-index=\"1\" ><div\n\t\t\t\n\t\t\tclass=\"so-widget-sow-editor so-widget-sow-editor-base\"\n\t\t\t\n\t\t>\n<div class=\"siteorigin-widget-tinymce textwidget\">\n\t<h1>Noliktava<\/h1>\n<div class=\"hr\"><\/div>\n<h2>Br\u012bv\u012bbas iela 193<span>d<\/span>,<br \/>R\u012bga<\/h2>\nTalr.: (+371) 29246044<\/div>\n<\/div><\/div><\/div><div id=\"pgc-65-0-2\"  class=\"panel-grid-cell\" ><div id=\"panel-65-0-2-0\" class=\"so-panel widget widget_sow-editor panel-first-child panel-last-child\" data-index=\"2\" ><div\n\t\t\t\n\t\t\tclass=\"so-widget-sow-editor so-widget-sow-editor-base\"\n\t\t\t\n\t\t>\n<div class=\"siteorigin-widget-tinymce textwidget\">\n\t<h1>Darba laiks<\/h1>\n<div class=\"hr\"><\/div>\n<h2>P. - C. no 11:00 l\u012bdz 17:00<\/h2>\n<h3>Pk. no 11:00 l\u012bdz 16:00<\/h3>\n<p>Sestdien\u0101 un d.d. cit\u0101 laik\u0101: p\u0113c iepriek\u0161\u0113j\u0101s vieno\u0161an\u0101s ar salona vad\u012bt\u0101ju Rihardu Biziku,<br \/>\ntel. (+371) 29246044<br \/>\nSv\u0113tdiena: br\u012bvdiena<\/p>\n<\/div>\n<\/div><\/div><\/div><div id=\"pgc-65-0-3\"  class=\"panel-grid-cell\" ><div id=\"panel-65-0-3-0\" class=\"so-panel widget widget_sow-editor panel-first-child panel-last-child\" data-index=\"3\" ><div\n\t\t\t\n\t\t\tclass=\"so-widget-sow-editor so-widget-sow-editor-base\"\n\t\t\t\n\t\t>\n<div class=\"siteorigin-widget-tinymce textwidget\">\n\t<h1>Rekviz\u012bti<\/h1>\n<div class=\"hr\"><\/div>\n<h2>SIA \u201cDavanti Lux\u201d<\/h2> \nRe\u0123. Nr. LV40103695912\nR\u012bga, C\u0113su iel\u0101 31\/3, LV-1012   \nA\/S \u201cSEB banka\u201d, UNLALV2X, LV92UNLA0055000418841<\/div>\n<\/div><\/div><\/div><\/div><div id=\"pg-65-1\"  class=\"panel-grid panel-no-style\" ><div id=\"pgc-65-1-0\"  class=\"panel-grid-cell\" ><div id=\"panel-65-1-0-0\" class=\"so-panel widget widget_sow-google-map panel-first-child panel-last-child\" data-index=\"4\" ><div\n\t\t\t\n\t\t\tclass=\"so-widget-sow-google-map so-widget-sow-google-map-default-67982931ae57-65\"\n\t\t\t\n\t\t>\n<div class=\"sow-google-map-canvas\"\n\tstyle=\"\"\n\tid=\"map-canvas-b68e959bf0682c1507327c0c050c4225\"\n\tdata-options=\"{&quot;address&quot;:&quot;&quot;,&quot;zoom&quot;:14,&quot;mobileZoom&quot;:14,&quot;gestureHandling&quot;:&quot;greedy&quot;,&quot;disableUi&quot;:false,&quot;markerIcon&quot;:false,&quot;markersDraggable&quot;:false,&quot;markerAtCenter&quot;:true,&quot;markerInfoDisplay&quot;:&quot;always&quot;,&quot;markerInfoMultiple&quot;:true,&quot;markerPositions&quot;:[{&quot;place&quot;:&quot;Br\\u012bv\\u012bbas iela 193 d, R\\u012bga, Latvija&quot;,&quot;info&quot;:&quot;&lt;b&gt;Noliktava&lt;\\\/b&gt;&quot;,&quot;infoSelectedEditor&quot;:&quot;html&quot;,&quot;infoMaxWidth&quot;:&quot;&quot;,&quot;customMarkerIcon&quot;:&quot;&quot;,&quot;customMarkerIconSize&quot;:&quot;&quot;},{&quot;place&quot;:&quot;C\\u0113su iela, 31, R\\u012bga, Latvija&quot;,&quot;info&quot;:&quot;&lt;b&gt;Salons&lt;\\\/b&gt;&quot;,&quot;infoSelectedEditor&quot;:&quot;html&quot;,&quot;infoMaxWidth&quot;:&quot;&quot;,&quot;customMarkerIcon&quot;:&quot;&quot;,&quot;customMarkerIconSize&quot;:&quot;&quot;}],&quot;mapName&quot;:false,&quot;mapStyles&quot;:false,&quot;directions&quot;:&quot;&quot;,&quot;apiKey&quot;:&quot;&quot;,&quot;breakpoint&quot;:&quot;780&quot;,&quot;id&quot;:&quot;69e374&quot;}\"\n\tdata-fallback-image=\"{&quot;img&quot;:&quot;&quot;}\"><\/div>\n<\/div><\/div><\/div><\/div><\/div>","protected":false},"excerpt":{"rendered":"<p>Salons C\u0113su iela 31,R\u012bga Talr.: (+371) 67784277 E-pasts: &#115;&#097;&#108;&#111;&#110;&#115;&#064;&#100;&#097;&#118;&#097;&#110;&#116;&#105;&#046;&#108;&#118; Noliktava Br\u012bv\u012bbas iela 193d,R\u012bga Talr.: (+371) 29246044 Darba laiks P. &#8211; C. no 11:00 l\u012bdz 17:00 Pk. no 11:00 l\u012bdz 16:00 Sestdien\u0101 un d.d. cit\u0101 laik\u0101: p\u0113c iepriek\u0161\u0113j\u0101s vieno\u0161an\u0101s ar salona vad\u012bt\u0101ju Rihardu Biziku, tel. (+371) 29246044 Sv\u0113tdiena: br\u012bvdiena Rekviz\u012bti SIA \u201cDavanti Lux\u201d Re\u0123. Nr. LV40103695912 [&hellip;]<\/p>\n","protected":false},"author":1,"featured_media":94,"parent":0,"menu_order":0,"comment_status":"closed","ping_status":"closed","template":"template-contacts.php","meta":{"footnotes":""},"class_list":["post-65","page","type-page","status-publish","has-post-thumbnail","hentry"],"yoast_head":"<!-- This site is optimized with the Yoast SEO plugin v25.7 - https:\/\/yoast.com\/wordpress\/plugins\/seo\/ -->\n<title>Kontakti - Davanti<\/title>\n<meta name=\"robots\" content=\"index, follow, max-snippet:-1, max-image-preview:large, max-video-preview:-1\" \/>\n<link rel=\"canonical\" href=\"http:\/\/davanti.lv\/contacts\/\" \/>\n<meta property=\"og:locale\" content=\"lv_LV\" \/>\n<meta property=\"og:type\" content=\"article\" \/>\n<meta property=\"og:title\" content=\"Kontakti - Davanti\" \/>\n<meta property=\"og:description\" content=\"Salons C\u0113su iela 31,R\u012bga Talr.: (+371) 67784277 E-pasts: &#115;&#097;&#108;&#111;&#110;&#115;&#064;&#100;&#097;&#118;&#097;&#110;&#116;&#105;&#046;&#108;&#118; Noliktava Br\u012bv\u012bbas iela 193d,R\u012bga Talr.: (+371) 29246044 Darba laiks P. - C. no 11:00 l\u012bdz 17:00 Pk. no 11:00 l\u012bdz 16:00 Sestdien\u0101 un d.d. cit\u0101 laik\u0101: p\u0113c iepriek\u0161\u0113j\u0101s vieno\u0161an\u0101s ar salona vad\u012bt\u0101ju Rihardu Biziku, tel. (+371) 29246044 Sv\u0113tdiena: br\u012bvdiena Rekviz\u012bti SIA \u201cDavanti Lux\u201d Re\u0123. Nr. LV40103695912 [&hellip;]\" \/>\n<meta property=\"og:url\" content=\"http:\/\/davanti.lv\/contacts\/\" \/>\n<meta property=\"og:site_name\" content=\"Davanti\" \/>\n<meta property=\"article:modified_time\" content=\"2025-02-06T16:07:16+00:00\" \/>\n<meta property=\"og:image\" content=\"http:\/\/davanti.lv\/wordpress\/wp-content\/uploads\/2016\/03\/laptop-943559_1920-e1469626947112.jpg\" \/>\n\t<meta property=\"og:image:width\" content=\"1000\" \/>\n\t<meta property=\"og:image:height\" content=\"667\" \/>\n\t<meta property=\"og:image:type\" content=\"image\/jpeg\" \/>\n<meta name=\"twitter:card\" content=\"summary_large_image\" \/>\n<meta name=\"twitter:label1\" content=\"Est. reading time\" \/>\n\t<meta name=\"twitter:data1\" content=\"1 minute\" \/>\n<script type=\"application\/ld+json\" class=\"yoast-schema-graph\">{\"@context\":\"https:\/\/schema.org\",\"@graph\":[{\"@type\":\"WebPage\",\"@id\":\"http:\/\/davanti.lv\/contacts\/\",\"url\":\"http:\/\/davanti.lv\/contacts\/\",\"name\":\"Kontakti - Davanti\",\"isPartOf\":{\"@id\":\"http:\/\/davanti.lv\/#website\"},\"primaryImageOfPage\":{\"@id\":\"http:\/\/davanti.lv\/contacts\/#primaryimage\"},\"image\":{\"@id\":\"http:\/\/davanti.lv\/contacts\/#primaryimage\"},\"thumbnailUrl\":\"http:\/\/davanti.lv\/wordpress\/wp-content\/uploads\/2016\/03\/laptop-943559_1920-e1469626947112.jpg\",\"datePublished\":\"2016-03-30T15:15:28+00:00\",\"dateModified\":\"2025-02-06T16:07:16+00:00\",\"breadcrumb\":{\"@id\":\"http:\/\/davanti.lv\/contacts\/#breadcrumb\"},\"inLanguage\":\"lv-LV\",\"potentialAction\":[{\"@type\":\"ReadAction\",\"target\":[\"http:\/\/davanti.lv\/contacts\/\"]}]},{\"@type\":\"ImageObject\",\"inLanguage\":\"lv-LV\",\"@id\":\"http:\/\/davanti.lv\/contacts\/#primaryimage\",\"url\":\"http:\/\/davanti.lv\/wordpress\/wp-content\/uploads\/2016\/03\/laptop-943559_1920-e1469626947112.jpg\",\"contentUrl\":\"http:\/\/davanti.lv\/wordpress\/wp-content\/uploads\/2016\/03\/laptop-943559_1920-e1469626947112.jpg\",\"width\":1000,\"height\":667},{\"@type\":\"BreadcrumbList\",\"@id\":\"http:\/\/davanti.lv\/contacts\/#breadcrumb\",\"itemListElement\":[{\"@type\":\"ListItem\",\"position\":1,\"name\":\"Home\",\"item\":\"http:\/\/davanti.lv\/\"},{\"@type\":\"ListItem\",\"position\":2,\"name\":\"Contacts\"}]},{\"@type\":\"WebSite\",\"@id\":\"http:\/\/davanti.lv\/#website\",\"url\":\"http:\/\/davanti.lv\/\",\"name\":\"Davanti\",\"description\":\"M\u0113be\u013cu dizains, k\u0101 dz\u012bves stils\",\"potentialAction\":[{\"@type\":\"SearchAction\",\"target\":{\"@type\":\"EntryPoint\",\"urlTemplate\":\"http:\/\/davanti.lv\/?s={search_term_string}\"},\"query-input\":{\"@type\":\"PropertyValueSpecification\",\"valueRequired\":true,\"valueName\":\"search_term_string\"}}],\"inLanguage\":\"lv-LV\"}]}<\/script>\n<!-- \/ Yoast SEO plugin. -->","yoast_head_json":{"title":"Kontakti - Davanti","robots":{"index":"index","follow":"follow","max-snippet":"max-snippet:-1","max-image-preview":"max-image-preview:large","max-video-preview":"max-video-preview:-1"},"canonical":"http:\/\/davanti.lv\/contacts\/","og_locale":"lv_LV","og_type":"article","og_title":"Kontakti - Davanti","og_description":"Salons C\u0113su iela 31,R\u012bga Talr.: (+371) 67784277 E-pasts: &#115;&#097;&#108;&#111;&#110;&#115;&#064;&#100;&#097;&#118;&#097;&#110;&#116;&#105;&#046;&#108;&#118; Noliktava Br\u012bv\u012bbas iela 193d,R\u012bga Talr.: (+371) 29246044 Darba laiks P. - C. no 11:00 l\u012bdz 17:00 Pk. no 11:00 l\u012bdz 16:00 Sestdien\u0101 un d.d. cit\u0101 laik\u0101: p\u0113c iepriek\u0161\u0113j\u0101s vieno\u0161an\u0101s ar salona vad\u012bt\u0101ju Rihardu Biziku, tel. (+371) 29246044 Sv\u0113tdiena: br\u012bvdiena Rekviz\u012bti SIA \u201cDavanti Lux\u201d Re\u0123. Nr. LV40103695912 [&hellip;]","og_url":"http:\/\/davanti.lv\/contacts\/","og_site_name":"Davanti","article_modified_time":"2025-02-06T16:07:16+00:00","og_image":[{"width":1000,"height":667,"url":"http:\/\/davanti.lv\/wordpress\/wp-content\/uploads\/2016\/03\/laptop-943559_1920-e1469626947112.jpg","type":"image\/jpeg"}],"twitter_card":"summary_large_image","twitter_misc":{"Est. reading time":"1 minute"},"schema":{"@context":"https:\/\/schema.org","@graph":[{"@type":"WebPage","@id":"http:\/\/davanti.lv\/contacts\/","url":"http:\/\/davanti.lv\/contacts\/","name":"Kontakti - Davanti","isPartOf":{"@id":"http:\/\/davanti.lv\/#website"},"primaryImageOfPage":{"@id":"http:\/\/davanti.lv\/contacts\/#primaryimage"},"image":{"@id":"http:\/\/davanti.lv\/contacts\/#primaryimage"},"thumbnailUrl":"http:\/\/davanti.lv\/wordpress\/wp-content\/uploads\/2016\/03\/laptop-943559_1920-e1469626947112.jpg","datePublished":"2016-03-30T15:15:28+00:00","dateModified":"2025-02-06T16:07:16+00:00","breadcrumb":{"@id":"http:\/\/davanti.lv\/contacts\/#breadcrumb"},"inLanguage":"lv-LV","potentialAction":[{"@type":"ReadAction","target":["http:\/\/davanti.lv\/contacts\/"]}]},{"@type":"ImageObject","inLanguage":"lv-LV","@id":"http:\/\/davanti.lv\/contacts\/#primaryimage","url":"http:\/\/davanti.lv\/wordpress\/wp-content\/uploads\/2016\/03\/laptop-943559_1920-e1469626947112.jpg","contentUrl":"http:\/\/davanti.lv\/wordpress\/wp-content\/uploads\/2016\/03\/laptop-943559_1920-e1469626947112.jpg","width":1000,"height":667},{"@type":"BreadcrumbList","@id":"http:\/\/davanti.lv\/contacts\/#breadcrumb","itemListElement":[{"@type":"ListItem","position":1,"name":"Home","item":"http:\/\/davanti.lv\/"},{"@type":"ListItem","position":2,"name":"Contacts"}]},{"@type":"WebSite","@id":"http:\/\/davanti.lv\/#website","url":"http:\/\/davanti.lv\/","name":"Davanti","description":"M\u0113be\u013cu dizains, k\u0101 dz\u012bves stils","potentialAction":[{"@type":"SearchAction","target":{"@type":"EntryPoint","urlTemplate":"http:\/\/davanti.lv\/?s={search_term_string}"},"query-input":{"@type":"PropertyValueSpecification","valueRequired":true,"valueName":"search_term_string"}}],"inLanguage":"lv-LV"}]}},"_links":{"self":[{"href":"http:\/\/davanti.lv\/lv\/wp-json\/wp\/v2\/pages\/65","targetHints":{"allow":["GET"]}}],"collection":[{"href":"http:\/\/davanti.lv\/lv\/wp-json\/wp\/v2\/pages"}],"about":[{"href":"http:\/\/davanti.lv\/lv\/wp-json\/wp\/v2\/types\/page"}],"author":[{"embeddable":true,"href":"http:\/\/davanti.lv\/lv\/wp-json\/wp\/v2\/users\/1"}],"replies":[{"embeddable":true,"href":"http:\/\/davanti.lv\/lv\/wp-json\/wp\/v2\/comments?post=65"}],"version-history":[{"count":46,"href":"http:\/\/davanti.lv\/lv\/wp-json\/wp\/v2\/pages\/65\/revisions"}],"predecessor-version":[{"id":734,"href":"http:\/\/davanti.lv\/lv\/wp-json\/wp\/v2\/pages\/65\/revisions\/734"}],"wp:featuredmedia":[{"embeddable":true,"href":"http:\/\/davanti.lv\/lv\/wp-json\/wp\/v2\/media\/94"}],"wp:attachment":[{"href":"http:\/\/davanti.lv\/lv\/wp-json\/wp\/v2\/media?parent=65"}],"curies":[{"name":"wp","href":"https:\/\/api.w.org\/{rel}","templated":true}]}}