{"id":63,"date":"2016-03-30T15:14:44","date_gmt":"2016-03-30T15:14:44","guid":{"rendered":"http:\/\/davanti.lv\/wordpress\/?page_id=63"},"modified":"2016-07-06T13:50:27","modified_gmt":"2016-07-06T13:50:27","slug":"useful-information","status":"publish","type":"page","link":"http:\/\/davanti.lv\/lv\/useful-information\/","title":{"rendered":"Noder\u012bgi"},"content":{"rendered":"","protected":false},"excerpt":{"rendered":"","protected":false},"author":1,"featured_media":211,"parent":0,"menu_order":0,"comment_status":"closed","ping_status":"closed","template":"template-useful.php","meta":{"footnotes":""},"class_list":["post-63","page","type-page","status-publish","has-post-thumbnail","hentry"],"yoast_head":"<!-- This site is optimized with the Yoast SEO plugin v25.7 - https:\/\/yoast.com\/wordpress\/plugins\/seo\/ -->\n<title>Noder\u012bgi - Davanti<\/title>\n<meta name=\"robots\" content=\"index, follow, max-snippet:-1, max-image-preview:large, max-video-preview:-1\" \/>\n<link rel=\"canonical\" href=\"http:\/\/davanti.lv\/lv\/useful-information\/\" \/>\n<meta property=\"og:locale\" content=\"lv_LV\" \/>\n<meta property=\"og:type\" content=\"article\" \/>\n<meta property=\"og:title\" content=\"Noder\u012bgi - Davanti\" \/>\n<meta property=\"og:url\" content=\"http:\/\/davanti.lv\/lv\/useful-information\/\" \/>\n<meta property=\"og:site_name\" content=\"Davanti\" \/>\n<meta property=\"article:modified_time\" content=\"2016-07-06T13:50:27+00:00\" \/>\n<meta property=\"og:image\" content=\"http:\/\/davanti.lv\/wordpress\/wp-content\/uploads\/2016\/04\/4-e1469627060861.jpg\" \/>\n\t<meta property=\"og:image:width\" content=\"1000\" \/>\n\t<meta property=\"og:image:height\" content=\"713\" \/>\n\t<meta property=\"og:image:type\" content=\"image\/jpeg\" \/>\n<meta name=\"twitter:card\" content=\"summary_large_image\" \/>\n<script type=\"application\/ld+json\" class=\"yoast-schema-graph\">{\"@context\":\"https:\/\/schema.org\",\"@graph\":[{\"@type\":\"WebPage\",\"@id\":\"http:\/\/davanti.lv\/lv\/useful-information\/\",\"url\":\"http:\/\/davanti.lv\/lv\/useful-information\/\",\"name\":\"Noder\u012bgi - Davanti\",\"isPartOf\":{\"@id\":\"http:\/\/davanti.lv\/#website\"},\"primaryImageOfPage\":{\"@id\":\"http:\/\/davanti.lv\/lv\/useful-information\/#primaryimage\"},\"image\":{\"@id\":\"http:\/\/davanti.lv\/lv\/useful-information\/#primaryimage\"},\"thumbnailUrl\":\"http:\/\/davanti.lv\/wordpress\/wp-content\/uploads\/2016\/04\/4-e1469627060861.jpg\",\"datePublished\":\"2016-03-30T15:14:44+00:00\",\"dateModified\":\"2016-07-06T13:50:27+00:00\",\"breadcrumb\":{\"@id\":\"http:\/\/davanti.lv\/lv\/useful-information\/#breadcrumb\"},\"inLanguage\":\"lv-LV\",\"potentialAction\":[{\"@type\":\"ReadAction\",\"target\":[\"http:\/\/davanti.lv\/lv\/useful-information\/\"]}]},{\"@type\":\"ImageObject\",\"inLanguage\":\"lv-LV\",\"@id\":\"http:\/\/davanti.lv\/lv\/useful-information\/#primaryimage\",\"url\":\"http:\/\/davanti.lv\/wordpress\/wp-content\/uploads\/2016\/04\/4-e1469627060861.jpg\",\"contentUrl\":\"http:\/\/davanti.lv\/wordpress\/wp-content\/uploads\/2016\/04\/4-e1469627060861.jpg\",\"width\":1000,\"height\":713},{\"@type\":\"BreadcrumbList\",\"@id\":\"http:\/\/davanti.lv\/lv\/useful-information\/#breadcrumb\",\"itemListElement\":[{\"@type\":\"ListItem\",\"position\":1,\"name\":\"Home\",\"item\":\"http:\/\/davanti.lv\/\"},{\"@type\":\"ListItem\",\"position\":2,\"name\":\"Noder\u012bgi\"}]},{\"@type\":\"WebSite\",\"@id\":\"http:\/\/davanti.lv\/#website\",\"url\":\"http:\/\/davanti.lv\/\",\"name\":\"Davanti\",\"description\":\"M\u0113be\u013cu dizains, k\u0101 dz\u012bves stils\",\"potentialAction\":[{\"@type\":\"SearchAction\",\"target\":{\"@type\":\"EntryPoint\",\"urlTemplate\":\"http:\/\/davanti.lv\/?s={search_term_string}\"},\"query-input\":{\"@type\":\"PropertyValueSpecification\",\"valueRequired\":true,\"valueName\":\"search_term_string\"}}],\"inLanguage\":\"lv-LV\"}]}<\/script>\n<!-- \/ Yoast SEO plugin. -->","yoast_head_json":{"title":"Noder\u012bgi - Davanti","robots":{"index":"index","follow":"follow","max-snippet":"max-snippet:-1","max-image-preview":"max-image-preview:large","max-video-preview":"max-video-preview:-1"},"canonical":"http:\/\/davanti.lv\/lv\/useful-information\/","og_locale":"lv_LV","og_type":"article","og_title":"Noder\u012bgi - Davanti","og_url":"http:\/\/davanti.lv\/lv\/useful-information\/","og_site_name":"Davanti","article_modified_time":"2016-07-06T13:50:27+00:00","og_image":[{"width":1000,"height":713,"url":"http:\/\/davanti.lv\/wordpress\/wp-content\/uploads\/2016\/04\/4-e1469627060861.jpg","type":"image\/jpeg"}],"twitter_card":"summary_large_image","schema":{"@context":"https:\/\/schema.org","@graph":[{"@type":"WebPage","@id":"http:\/\/davanti.lv\/lv\/useful-information\/","url":"http:\/\/davanti.lv\/lv\/useful-information\/","name":"Noder\u012bgi - Davanti","isPartOf":{"@id":"http:\/\/davanti.lv\/#website"},"primaryImageOfPage":{"@id":"http:\/\/davanti.lv\/lv\/useful-information\/#primaryimage"},"image":{"@id":"http:\/\/davanti.lv\/lv\/useful-information\/#primaryimage"},"thumbnailUrl":"http:\/\/davanti.lv\/wordpress\/wp-content\/uploads\/2016\/04\/4-e1469627060861.jpg","datePublished":"2016-03-30T15:14:44+00:00","dateModified":"2016-07-06T13:50:27+00:00","breadcrumb":{"@id":"http:\/\/davanti.lv\/lv\/useful-information\/#breadcrumb"},"inLanguage":"lv-LV","potentialAction":[{"@type":"ReadAction","target":["http:\/\/davanti.lv\/lv\/useful-information\/"]}]},{"@type":"ImageObject","inLanguage":"lv-LV","@id":"http:\/\/davanti.lv\/lv\/useful-information\/#primaryimage","url":"http:\/\/davanti.lv\/wordpress\/wp-content\/uploads\/2016\/04\/4-e1469627060861.jpg","contentUrl":"http:\/\/davanti.lv\/wordpress\/wp-content\/uploads\/2016\/04\/4-e1469627060861.jpg","width":1000,"height":713},{"@type":"BreadcrumbList","@id":"http:\/\/davanti.lv\/lv\/useful-information\/#breadcrumb","itemListElement":[{"@type":"ListItem","position":1,"name":"Home","item":"http:\/\/davanti.lv\/"},{"@type":"ListItem","position":2,"name":"Noder\u012bgi"}]},{"@type":"WebSite","@id":"http:\/\/davanti.lv\/#website","url":"http:\/\/davanti.lv\/","name":"Davanti","description":"M\u0113be\u013cu dizains, k\u0101 dz\u012bves stils","potentialAction":[{"@type":"SearchAction","target":{"@type":"EntryPoint","urlTemplate":"http:\/\/davanti.lv\/?s={search_term_string}"},"query-input":{"@type":"PropertyValueSpecification","valueRequired":true,"valueName":"search_term_string"}}],"inLanguage":"lv-LV"}]}},"_links":{"self":[{"href":"http:\/\/davanti.lv\/lv\/wp-json\/wp\/v2\/pages\/63","targetHints":{"allow":["GET"]}}],"collection":[{"href":"http:\/\/davanti.lv\/lv\/wp-json\/wp\/v2\/pages"}],"about":[{"href":"http:\/\/davanti.lv\/lv\/wp-json\/wp\/v2\/types\/page"}],"author":[{"embeddable":true,"href":"http:\/\/davanti.lv\/lv\/wp-json\/wp\/v2\/users\/1"}],"replies":[{"embeddable":true,"href":"http:\/\/davanti.lv\/lv\/wp-json\/wp\/v2\/comments?post=63"}],"version-history":[{"count":1,"href":"http:\/\/davanti.lv\/lv\/wp-json\/wp\/v2\/pages\/63\/revisions"}],"predecessor-version":[{"id":64,"href":"http:\/\/davanti.lv\/lv\/wp-json\/wp\/v2\/pages\/63\/revisions\/64"}],"wp:featuredmedia":[{"embeddable":true,"href":"http:\/\/davanti.lv\/lv\/wp-json\/wp\/v2\/media\/211"}],"wp:attachment":[{"href":"http:\/\/davanti.lv\/lv\/wp-json\/wp\/v2\/media?parent=63"}],"curies":[{"name":"wp","href":"https:\/\/api.w.org\/{rel}","templated":true}]}}