{"id":61,"date":"2016-03-30T15:14:03","date_gmt":"2016-03-30T15:14:03","guid":{"rendered":"http:\/\/davanti.lv\/wordpress\/?page_id=61"},"modified":"2025-08-25T20:24:40","modified_gmt":"2025-08-25T20:24:40","slug":"about-us","status":"publish","type":"page","link":"http:\/\/davanti.lv\/lv\/about-us\/","title":{"rendered":"Par mums"},"content":{"rendered":"<div id=\"pl-61\"  class=\"panel-layout\" ><div id=\"pg-61-0\"  class=\"panel-grid panel-no-style\" ><div id=\"pgc-61-0-0\"  class=\"panel-grid-cell\" ><div id=\"panel-61-0-0-0\" class=\"so-panel widget widget_nav_menu panel-first-child panel-last-child\" data-index=\"0\" ><div class=\"sidebar-nav panel-widget-style panel-widget-style-for-61-0-0-0\" ><div class=\"menu-sidebar-about-us-container\"><ul id=\"menu-sidebar-about-us\" class=\"menu\"><li id=\"menu-item-122\" class=\"menu-item menu-item-type-post_type menu-item-object-page menu-item-122\"><a href=\"http:\/\/davanti.lv\/lv\/about-us\/\">Par mums<\/a><\/li>\n<li id=\"menu-item-124\" class=\"menu-item menu-item-type-post_type menu-item-object-page menu-item-124\"><a href=\"http:\/\/davanti.lv\/lv\/about-us\/manufacturers\/\">Ra\u017eot\u0101ji<\/a><\/li>\n<li id=\"menu-item-123\" class=\"menu-item menu-item-type-post_type menu-item-object-page menu-item-123\"><a href=\"http:\/\/davanti.lv\/lv\/about-us\/our-partners\/\">M\u016bsu partneri<\/a><\/li>\n<\/ul><\/div><\/div><\/div><\/div><\/div><div id=\"pg-61-1\"  class=\"panel-grid panel-no-style\" ><div id=\"pgc-61-1-0\"  class=\"panel-grid-cell\" ><div id=\"panel-61-1-0-0\" class=\"so-panel widget widget_sow-image panel-first-child\" data-index=\"1\" ><div\n\t\t\t\n\t\t\tclass=\"so-widget-sow-image so-widget-sow-image-default-dbf295114b96-61\"\n\t\t\t\n\t\t>\n<div class=\"sow-image-container\">\n\t\t<img \n\tsrc=\"http:\/\/davanti.lv\/wordpress\/wp-content\/uploads\/2025\/03\/Rihards-scaled.jpg\" width=\"1980\" height=\"2560\" srcset=\"http:\/\/davanti.lv\/wordpress\/wp-content\/uploads\/2025\/03\/Rihards-scaled.jpg 1980w, http:\/\/davanti.lv\/wordpress\/wp-content\/uploads\/2025\/03\/Rihards-232x300.jpg 232w, http:\/\/davanti.lv\/wordpress\/wp-content\/uploads\/2025\/03\/Rihards-792x1024.jpg 792w, http:\/\/davanti.lv\/wordpress\/wp-content\/uploads\/2025\/03\/Rihards-768x993.jpg 768w, http:\/\/davanti.lv\/wordpress\/wp-content\/uploads\/2025\/03\/Rihards-1188x1536.jpg 1188w, http:\/\/davanti.lv\/wordpress\/wp-content\/uploads\/2025\/03\/Rihards-1584x2048.jpg 1584w\" sizes=\"(max-width: 1980px) 100vw, 1980px\" title=\"Rihards\" alt=\"\" \t\tclass=\"so-widget-image\"\/>\n\t<\/div>\n\n<\/div><\/div><div id=\"panel-61-1-0-1\" class=\"so-panel widget widget_text panel-last-child\" data-index=\"2\" >\t\t\t<div class=\"textwidget\"><iframe src=\"https:\/\/www.youtube.com\/embed\/IWhAXy_JYF0?showinfo=0\" width=\"100%\"  frameborder=\"0\" allowfullscreen=\"allowfullscreen\"><\/iframe><\/div>\n\t\t<\/div><\/div><div id=\"pgc-61-1-1\"  class=\"panel-grid-cell\" ><div id=\"panel-61-1-1-0\" class=\"so-panel widget widget_sow-editor panel-first-child panel-last-child\" data-index=\"3\" ><div\n\t\t\t\n\t\t\tclass=\"so-widget-sow-editor so-widget-sow-editor-base\"\n\t\t\t\n\t\t>\n<div class=\"siteorigin-widget-tinymce textwidget\">\n\t<h2>Rihards Biziks, uz\u0146\u0113muma \"Davanti\" vad\u012bt\u0101js<\/h2>\n<p>Savu darb\u012bbu m\u0113be\u013cu dizaina un projekt\u0113\u0161anas jom\u0101 uzs\u0101ku gadsimtu mij\u0101.<\/p>\n<p>T\u0101s bija interesantas p\u0101rmai\u0146as man\u0101 dz\u012bv\u0113, jo mana pamatizgl\u012bt\u012bba ir celtniec\u012bba. Darbs ar ieb\u016bv\u0113t\u0101m m\u0113bel\u0113m ir cie\u0161i saist\u012bts ar celtniec\u012bbas jomu. Izbraukumi pie pas\u016bt\u012bt\u0101ja uz objektu, konsult\u0101cijas tehniskajos jaut\u0101jumos. Izr\u0101d\u012bj\u0101s visa uzkr\u0101t\u0101 dz\u012bves pieredze ir bijusi noder\u012bga, ar\u012b tehnisk\u0101s prasmes noder. Jauno tehnolo\u0123iju apg\u016b\u0161ana V\u0101cij\u0101, semin\u0101ri, izst\u0101des un kursi pal\u012bdz izprast tehnisk\u0101s nianses. Kvalifik\u0101cijas cel\u0161ana un pa\u0161att\u012bst\u012bba, sp\u0113l\u0113 \u013coti lielu lomu. Dizaina un m\u0113be\u013cu izst\u0101\u017eu apmekl\u0113jums V\u0101cij\u0101 un It\u0101lij\u0101, dod iesp\u0113ju ieviest svaigas dvesmas m\u0113be\u013cu dizaina jom\u0101 ar\u012b Latvij\u0101, jo jau izsenus ir zin\u0101ms, ka Baltijas kult\u016bras l\u012bme\u0146a pras\u012bbas ir \u013coti augstas. Un t\u0101p\u0113c ar\u012b m\u016bsu m\u0113bel\u0113m ir j\u0101atbilst t\u0101s pras\u012bb\u0101m.<\/p>\n<p>Ilg\u0101s trad\u012bcijas, kas bija izveidoju\u0161\u0101s uz\u0146\u0113mum\u0101 \"B\u012bd\u0101m\u0101s Sist\u0113mas\" , pal\u012bdz\u0113ja izveidot \u0161o jauno z\u012bmolu \"Davanti\" , kas no It\u0101\u013cu valodas noz\u012bm\u0113 b\u016bt priek\u0161\u0101. Un m\u016bsu uz\u0146\u0113muma credo ir sasniegt \u0161\u012b v\u0101rda tie\u0161o noz\u012bmi. B\u016bt vado\u0161\u0101kajiem m\u0113be\u013cu dizaina jom\u0101, ieviest jaun\u0101s tehnolo\u0123ijas un pied\u0101v\u0101t arvien ko jaunu m\u016bsu klientiem.<\/p>\n<p>M\u016bsu uz\u0146\u0113muma m\u0113r\u0137is ir rad\u012bt jums t\u0101du vidi, k\u0101du j\u016bs v\u0113laties. Rad\u012bt jums to, par ko j\u016bs sap\u0146ojat. Un mans nov\u0113l\u0113jums, lai j\u016bsu sap\u0146i piepild\u0101s vienm\u0113r.<\/p>\n<\/div>\n<\/div><\/div><\/div><\/div><div id=\"pg-61-2\"  class=\"panel-grid panel-no-style\" ><div id=\"pgc-61-2-0\"  class=\"panel-grid-cell\" ><div id=\"panel-61-2-0-0\" class=\"so-panel widget widget_sow-image panel-first-child panel-last-child\" data-index=\"4\" ><div\n\t\t\t\n\t\t\tclass=\"so-widget-sow-image so-widget-sow-image-default-dbf295114b96-61\"\n\t\t\t\n\t\t>\n<div class=\"sow-image-container\">\n\t\t<img \n\tsrc=\"http:\/\/davanti.lv\/wordpress\/wp-content\/uploads\/2025\/08\/Nadezda.jpg\" width=\"933\" height=\"1234\" srcset=\"http:\/\/davanti.lv\/wordpress\/wp-content\/uploads\/2025\/08\/Nadezda.jpg 933w, http:\/\/davanti.lv\/wordpress\/wp-content\/uploads\/2025\/08\/Nadezda-227x300.jpg 227w, http:\/\/davanti.lv\/wordpress\/wp-content\/uploads\/2025\/08\/Nadezda-774x1024.jpg 774w, http:\/\/davanti.lv\/wordpress\/wp-content\/uploads\/2025\/08\/Nadezda-768x1016.jpg 768w\" sizes=\"(max-width: 933px) 100vw, 933px\" alt=\"\" \t\tclass=\"so-widget-image\"\/>\n\t<\/div>\n\n<\/div><\/div><\/div><div id=\"pgc-61-2-1\"  class=\"panel-grid-cell\" ><div id=\"panel-61-2-1-0\" class=\"so-panel widget widget_sow-editor panel-first-child panel-last-child\" data-index=\"5\" ><div\n\t\t\t\n\t\t\tclass=\"so-widget-sow-editor so-widget-sow-editor-base\"\n\t\t\t\n\t\t>\n<div class=\"siteorigin-widget-tinymce textwidget\">\n\t<h2>Nade\u017eda Bizika - rekl\u0101ma, projektu vizualiz\u0101cija, 3D dizains<\/h2>\n<p>Mana pieredze rekl\u0101mas un dizaina jom\u0101 ir vair\u0101k nek\u0101 10 gadi.<\/p>\n<p>Dizains priek\u0161 manis, ir uzman\u012bba un r\u016bpes, kas izpau\u017eas interjer\u0101.<br \/>\nInterjera atjaunin\u0101\u0161ana ne vienm\u0113r ir saist\u012bta ar lieliem remontiem un b\u016btisk\u0101m izmai\u0146\u0101m. Da\u017ereiz, lai p\u0101rveidotu kopskatu un rad\u012btu vajadz\u012bgo atmosf\u0113ru sev zin\u0101m\u0101 telp\u0101, pietiek ar m\u0113be\u013cu atjaunin\u0101\u0161anu. Taj\u0101 pa\u0161\u0101 laik\u0101 to nomai\u0146a nepras\u012bs ar\u012b lielas p\u016bles, bet rezult\u0101ts sol\u0101s b\u016bt lielisks - telpa mirdz\u0113s jaun\u0101s kr\u0101s\u0101s, k\u0101 jauns kr\u0101sains dz\u012bves posms.<br \/>\nJa nolemjat spert \u0161o soli, atcerieties, ka vispirms ir j\u0101atrod konkr\u0113ta ideja, ko v\u0113laties \u012bstenot. P\u0113c tam, jums par to ir j\u0101p\u0101rdom\u0101, k\u0101 prec\u012bz\u0101k \u012bstenot savu ieceri. Projekta \u012bsteno\u0161ana ne vienm\u0113r sakrit\u012bs ar s\u0101kotn\u0113j\u0101m gaid\u0101m: ta\u010du nevajag satraukties. Lab\u0101k ir iesl\u0113gt izt\u0113li un pak\u0101peniski atrast visus iesp\u0113jamos, \u0113rtos un vienk\u0101r\u0161os (vai otr\u0101di - sare\u017e\u0123\u012btos un d\u0101rg\u0101kos) veidus, k\u0101 \u012bstenot projektu. Str\u0101d\u0101jot Davanti Lux komand\u0101, m\u0113s cen\u0161amies rad\u012bt unik\u0101lus interjera priek\u0161metus, \u0146emot v\u0113r\u0101 j\u016bsu v\u0113lmes un ieceres.<\/p>\n<\/div>\n<\/div><\/div><\/div><\/div><div id=\"pg-61-3\"  class=\"panel-grid panel-no-style\" ><div id=\"pgc-61-3-0\"  class=\"panel-grid-cell panel-grid-cell-empty panel-grid-cell-mobile-last\" ><\/div><div id=\"pgc-61-3-1\"  class=\"panel-grid-cell panel-grid-cell-empty\" ><\/div><\/div><\/div>","protected":false},"excerpt":{"rendered":"<p>Rihards Biziks, uz\u0146\u0113muma &#8220;Davanti&#8221; vad\u012bt\u0101js Savu darb\u012bbu m\u0113be\u013cu dizaina un projekt\u0113\u0161anas jom\u0101 uzs\u0101ku gadsimtu mij\u0101. T\u0101s bija interesantas p\u0101rmai\u0146as man\u0101 dz\u012bv\u0113, jo mana pamatizgl\u012bt\u012bba ir celtniec\u012bba. Darbs ar ieb\u016bv\u0113t\u0101m m\u0113bel\u0113m ir cie\u0161i saist\u012bts ar celtniec\u012bbas jomu. Izbraukumi pie pas\u016bt\u012bt\u0101ja uz objektu, konsult\u0101cijas tehniskajos jaut\u0101jumos. Izr\u0101d\u012bj\u0101s visa uzkr\u0101t\u0101 dz\u012bves pieredze ir bijusi noder\u012bga, ar\u012b tehnisk\u0101s prasmes [&hellip;]<\/p>\n","protected":false},"author":1,"featured_media":213,"parent":0,"menu_order":0,"comment_status":"closed","ping_status":"closed","template":"template-about.php","meta":{"footnotes":""},"class_list":["post-61","page","type-page","status-publish","has-post-thumbnail","hentry"],"yoast_head":"<!-- This site is optimized with the Yoast SEO plugin v25.7 - https:\/\/yoast.com\/wordpress\/plugins\/seo\/ -->\n<title>Par mums - Davanti<\/title>\n<meta name=\"robots\" content=\"index, follow, max-snippet:-1, max-image-preview:large, max-video-preview:-1\" \/>\n<link rel=\"canonical\" href=\"http:\/\/davanti.lv\/about-us\/\" \/>\n<meta property=\"og:locale\" content=\"lv_LV\" \/>\n<meta property=\"og:type\" content=\"article\" \/>\n<meta property=\"og:title\" content=\"Par mums - Davanti\" \/>\n<meta property=\"og:description\" content=\"Rihards Biziks, uz\u0146\u0113muma &quot;Davanti&quot; vad\u012bt\u0101js Savu darb\u012bbu m\u0113be\u013cu dizaina un projekt\u0113\u0161anas jom\u0101 uzs\u0101ku gadsimtu mij\u0101. T\u0101s bija interesantas p\u0101rmai\u0146as man\u0101 dz\u012bv\u0113, jo mana pamatizgl\u012bt\u012bba ir celtniec\u012bba. Darbs ar ieb\u016bv\u0113t\u0101m m\u0113bel\u0113m ir cie\u0161i saist\u012bts ar celtniec\u012bbas jomu. Izbraukumi pie pas\u016bt\u012bt\u0101ja uz objektu, konsult\u0101cijas tehniskajos jaut\u0101jumos. Izr\u0101d\u012bj\u0101s visa uzkr\u0101t\u0101 dz\u012bves pieredze ir bijusi noder\u012bga, ar\u012b tehnisk\u0101s prasmes [&hellip;]\" \/>\n<meta property=\"og:url\" content=\"http:\/\/davanti.lv\/about-us\/\" \/>\n<meta property=\"og:site_name\" content=\"Davanti\" \/>\n<meta property=\"article:modified_time\" content=\"2025-08-25T20:24:40+00:00\" \/>\n<meta property=\"og:image\" content=\"http:\/\/davanti.lv\/wordpress\/wp-content\/uploads\/2016\/04\/6-e1469627074611.jpg\" \/>\n\t<meta property=\"og:image:width\" content=\"1000\" \/>\n\t<meta property=\"og:image:height\" content=\"628\" \/>\n\t<meta property=\"og:image:type\" content=\"image\/jpeg\" \/>\n<meta name=\"twitter:card\" content=\"summary_large_image\" \/>\n<meta name=\"twitter:label1\" content=\"Est. reading time\" \/>\n\t<meta name=\"twitter:data1\" content=\"5 minutes\" \/>\n<script type=\"application\/ld+json\" class=\"yoast-schema-graph\">{\"@context\":\"https:\/\/schema.org\",\"@graph\":[{\"@type\":\"WebPage\",\"@id\":\"http:\/\/davanti.lv\/about-us\/\",\"url\":\"http:\/\/davanti.lv\/about-us\/\",\"name\":\"Par mums - Davanti\",\"isPartOf\":{\"@id\":\"http:\/\/davanti.lv\/#website\"},\"primaryImageOfPage\":{\"@id\":\"http:\/\/davanti.lv\/about-us\/#primaryimage\"},\"image\":{\"@id\":\"http:\/\/davanti.lv\/about-us\/#primaryimage\"},\"thumbnailUrl\":\"http:\/\/davanti.lv\/wordpress\/wp-content\/uploads\/2016\/04\/6-e1469627074611.jpg\",\"datePublished\":\"2016-03-30T15:14:03+00:00\",\"dateModified\":\"2025-08-25T20:24:40+00:00\",\"breadcrumb\":{\"@id\":\"http:\/\/davanti.lv\/about-us\/#breadcrumb\"},\"inLanguage\":\"lv-LV\",\"potentialAction\":[{\"@type\":\"ReadAction\",\"target\":[\"http:\/\/davanti.lv\/about-us\/\"]}]},{\"@type\":\"ImageObject\",\"inLanguage\":\"lv-LV\",\"@id\":\"http:\/\/davanti.lv\/about-us\/#primaryimage\",\"url\":\"http:\/\/davanti.lv\/wordpress\/wp-content\/uploads\/2016\/04\/6-e1469627074611.jpg\",\"contentUrl\":\"http:\/\/davanti.lv\/wordpress\/wp-content\/uploads\/2016\/04\/6-e1469627074611.jpg\",\"width\":1000,\"height\":628},{\"@type\":\"BreadcrumbList\",\"@id\":\"http:\/\/davanti.lv\/about-us\/#breadcrumb\",\"itemListElement\":[{\"@type\":\"ListItem\",\"position\":1,\"name\":\"Home\",\"item\":\"http:\/\/davanti.lv\/\"},{\"@type\":\"ListItem\",\"position\":2,\"name\":\"About us\"}]},{\"@type\":\"WebSite\",\"@id\":\"http:\/\/davanti.lv\/#website\",\"url\":\"http:\/\/davanti.lv\/\",\"name\":\"Davanti\",\"description\":\"M\u0113be\u013cu dizains, k\u0101 dz\u012bves stils\",\"potentialAction\":[{\"@type\":\"SearchAction\",\"target\":{\"@type\":\"EntryPoint\",\"urlTemplate\":\"http:\/\/davanti.lv\/?s={search_term_string}\"},\"query-input\":{\"@type\":\"PropertyValueSpecification\",\"valueRequired\":true,\"valueName\":\"search_term_string\"}}],\"inLanguage\":\"lv-LV\"}]}<\/script>\n<!-- \/ Yoast SEO plugin. -->","yoast_head_json":{"title":"Par mums - Davanti","robots":{"index":"index","follow":"follow","max-snippet":"max-snippet:-1","max-image-preview":"max-image-preview:large","max-video-preview":"max-video-preview:-1"},"canonical":"http:\/\/davanti.lv\/about-us\/","og_locale":"lv_LV","og_type":"article","og_title":"Par mums - Davanti","og_description":"Rihards Biziks, uz\u0146\u0113muma \"Davanti\" vad\u012bt\u0101js Savu darb\u012bbu m\u0113be\u013cu dizaina un projekt\u0113\u0161anas jom\u0101 uzs\u0101ku gadsimtu mij\u0101. T\u0101s bija interesantas p\u0101rmai\u0146as man\u0101 dz\u012bv\u0113, jo mana pamatizgl\u012bt\u012bba ir celtniec\u012bba. Darbs ar ieb\u016bv\u0113t\u0101m m\u0113bel\u0113m ir cie\u0161i saist\u012bts ar celtniec\u012bbas jomu. Izbraukumi pie pas\u016bt\u012bt\u0101ja uz objektu, konsult\u0101cijas tehniskajos jaut\u0101jumos. Izr\u0101d\u012bj\u0101s visa uzkr\u0101t\u0101 dz\u012bves pieredze ir bijusi noder\u012bga, ar\u012b tehnisk\u0101s prasmes [&hellip;]","og_url":"http:\/\/davanti.lv\/about-us\/","og_site_name":"Davanti","article_modified_time":"2025-08-25T20:24:40+00:00","og_image":[{"width":1000,"height":628,"url":"http:\/\/davanti.lv\/wordpress\/wp-content\/uploads\/2016\/04\/6-e1469627074611.jpg","type":"image\/jpeg"}],"twitter_card":"summary_large_image","twitter_misc":{"Est. reading time":"5 minutes"},"schema":{"@context":"https:\/\/schema.org","@graph":[{"@type":"WebPage","@id":"http:\/\/davanti.lv\/about-us\/","url":"http:\/\/davanti.lv\/about-us\/","name":"Par mums - Davanti","isPartOf":{"@id":"http:\/\/davanti.lv\/#website"},"primaryImageOfPage":{"@id":"http:\/\/davanti.lv\/about-us\/#primaryimage"},"image":{"@id":"http:\/\/davanti.lv\/about-us\/#primaryimage"},"thumbnailUrl":"http:\/\/davanti.lv\/wordpress\/wp-content\/uploads\/2016\/04\/6-e1469627074611.jpg","datePublished":"2016-03-30T15:14:03+00:00","dateModified":"2025-08-25T20:24:40+00:00","breadcrumb":{"@id":"http:\/\/davanti.lv\/about-us\/#breadcrumb"},"inLanguage":"lv-LV","potentialAction":[{"@type":"ReadAction","target":["http:\/\/davanti.lv\/about-us\/"]}]},{"@type":"ImageObject","inLanguage":"lv-LV","@id":"http:\/\/davanti.lv\/about-us\/#primaryimage","url":"http:\/\/davanti.lv\/wordpress\/wp-content\/uploads\/2016\/04\/6-e1469627074611.jpg","contentUrl":"http:\/\/davanti.lv\/wordpress\/wp-content\/uploads\/2016\/04\/6-e1469627074611.jpg","width":1000,"height":628},{"@type":"BreadcrumbList","@id":"http:\/\/davanti.lv\/about-us\/#breadcrumb","itemListElement":[{"@type":"ListItem","position":1,"name":"Home","item":"http:\/\/davanti.lv\/"},{"@type":"ListItem","position":2,"name":"About us"}]},{"@type":"WebSite","@id":"http:\/\/davanti.lv\/#website","url":"http:\/\/davanti.lv\/","name":"Davanti","description":"M\u0113be\u013cu dizains, k\u0101 dz\u012bves stils","potentialAction":[{"@type":"SearchAction","target":{"@type":"EntryPoint","urlTemplate":"http:\/\/davanti.lv\/?s={search_term_string}"},"query-input":{"@type":"PropertyValueSpecification","valueRequired":true,"valueName":"search_term_string"}}],"inLanguage":"lv-LV"}]}},"_links":{"self":[{"href":"http:\/\/davanti.lv\/lv\/wp-json\/wp\/v2\/pages\/61","targetHints":{"allow":["GET"]}}],"collection":[{"href":"http:\/\/davanti.lv\/lv\/wp-json\/wp\/v2\/pages"}],"about":[{"href":"http:\/\/davanti.lv\/lv\/wp-json\/wp\/v2\/types\/page"}],"author":[{"embeddable":true,"href":"http:\/\/davanti.lv\/lv\/wp-json\/wp\/v2\/users\/1"}],"replies":[{"embeddable":true,"href":"http:\/\/davanti.lv\/lv\/wp-json\/wp\/v2\/comments?post=61"}],"version-history":[{"count":50,"href":"http:\/\/davanti.lv\/lv\/wp-json\/wp\/v2\/pages\/61\/revisions"}],"predecessor-version":[{"id":752,"href":"http:\/\/davanti.lv\/lv\/wp-json\/wp\/v2\/pages\/61\/revisions\/752"}],"wp:featuredmedia":[{"embeddable":true,"href":"http:\/\/davanti.lv\/lv\/wp-json\/wp\/v2\/media\/213"}],"wp:attachment":[{"href":"http:\/\/davanti.lv\/lv\/wp-json\/wp\/v2\/media?parent=61"}],"curies":[{"name":"wp","href":"https:\/\/api.w.org\/{rel}","templated":true}]}}