{"id":117,"date":"2016-04-11T13:45:48","date_gmt":"2016-04-11T13:45:48","guid":{"rendered":"http:\/\/davanti.lv\/wordpress\/?page_id=117"},"modified":"2025-10-10T10:06:55","modified_gmt":"2025-10-10T10:06:55","slug":"our-partners","status":"publish","type":"page","link":"http:\/\/davanti.lv\/lv\/about-us\/our-partners\/","title":{"rendered":"M\u016bsu partneri"},"content":{"rendered":"<div id=\"pl-117\"  class=\"panel-layout\" ><div id=\"pg-117-0\"  class=\"panel-grid panel-no-style\" ><div id=\"pgc-117-0-0\"  class=\"panel-grid-cell\" ><div id=\"panel-117-0-0-0\" class=\"so-panel widget widget_nav_menu panel-first-child panel-last-child\" data-index=\"0\" ><div class=\"sidebar-nav panel-widget-style panel-widget-style-for-117-0-0-0\" ><div class=\"menu-sidebar-about-us-container\"><ul id=\"menu-sidebar-about-us\" class=\"menu\"><li id=\"menu-item-122\" class=\"menu-item menu-item-type-post_type menu-item-object-page menu-item-122\"><a href=\"http:\/\/davanti.lv\/lv\/about-us\/\">Par mums<\/a><\/li>\n<li id=\"menu-item-124\" class=\"menu-item menu-item-type-post_type menu-item-object-page menu-item-124\"><a href=\"http:\/\/davanti.lv\/lv\/about-us\/manufacturers\/\">Ra\u017eot\u0101ji<\/a><\/li>\n<li id=\"menu-item-123\" class=\"menu-item menu-item-type-post_type menu-item-object-page menu-item-123\"><a href=\"http:\/\/davanti.lv\/lv\/about-us\/our-partners\/\">M\u016bsu partneri<\/a><\/li>\n<\/ul><\/div><\/div><\/div><\/div><\/div><div id=\"pg-117-1\"  class=\"panel-grid panel-no-style\" ><div id=\"pgc-117-1-0\"  class=\"panel-grid-cell panel-grid-cell-empty\" ><\/div><div id=\"pgc-117-1-1\"  class=\"panel-grid-cell\" ><div id=\"panel-117-1-1-0\" class=\"so-panel widget widget_sow-editor panel-first-child panel-last-child\" data-index=\"1\" ><div\n\t\t\t\n\t\t\tclass=\"so-widget-sow-editor so-widget-sow-editor-base\"\n\t\t\t\n\t\t>\n<div class=\"siteorigin-widget-tinymce textwidget\">\n\t<h1>Ar ko m\u0113s sadarbojamies<\/h1>\n<div class=\"hr\"><\/div>\n<\/div>\n<\/div><\/div><\/div><\/div><div id=\"pg-117-2\"  class=\"panel-grid panel-no-style\" ><div id=\"pgc-117-2-0\"  class=\"panel-grid-cell\" ><div id=\"panel-117-2-0-0\" class=\"so-panel widget widget_sow-image panel-first-child panel-last-child\" data-index=\"2\" ><div\n\t\t\t\n\t\t\tclass=\"so-widget-sow-image so-widget-sow-image-default-dbf295114b96-117\"\n\t\t\t\n\t\t>\n<div class=\"sow-image-container\">\n\t\t\t<a href=\"http:\/\/www.noltehome.lv\/\"\n\t\t\ttarget=\"_blank\" rel=\"noopener noreferrer\" \t\t>\n\t\t\t<img \n\tsrc=\"http:\/\/davanti.lv\/wordpress\/wp-content\/uploads\/2016\/04\/logo.nolte_.jpg\" width=\"195\" height=\"96\" sizes=\"(max-width: 195px) 100vw, 195px\" title=\"logo.nolte\" alt=\"\" \t\tclass=\"so-widget-image\"\/>\n\t\t\t<\/a><\/div>\n\n<\/div><\/div><\/div><div id=\"pgc-117-2-1\"  class=\"panel-grid-cell\" ><div id=\"panel-117-2-1-0\" class=\"so-panel widget widget_sow-editor panel-first-child panel-last-child\" data-index=\"3\" ><div\n\t\t\t\n\t\t\tclass=\"so-widget-sow-editor so-widget-sow-editor-base\"\n\t\t\t\n\t\t>\n<div class=\"siteorigin-widget-tinymce textwidget\">\n\t<h2>Viens no lab\u0101kajiem virtuves m\u0113beles ra\u017eot\u0101jiem<br \/>\nV\u0101cij\u0101 - Nolte K\u00fcchen<\/h2>\n<p>SIA \"EX ANIMO\" - ofici\u0101lais Nolte K\u00fcchen p\u0101rst\u0101vis Latvij\u0101 aicina J\u016bs  salon-veikal\u0101, kas atrodas R\u012bg\u0101, Cesu iel\u0101 31\/3<\/p>\n<p>Tas, kas vairumam pirc\u0113ju asoci\u0113jas ar \u201eV.I.P\u201d vai \u201eaugst\u0101k\u0101 klase\u201d, m\u0113be\u013cu ra\u017eot\u0101ji to saprot ar vienk\u0101r\u0161u un attur\u012bgu v\u0101rdu \u201el\u012bderis\u201d, bet t\u0101du nav daudz. Starp \u0161iem nosaukumiem V\u0101cij\u0101 pirmaj\u0101 pieciniek\u0101 ir tie\u0161i \u0161\u012b komp\u0101nija, kuru m\u0113s ar lepnumu p\u0101rst\u0101vam Latvij\u0101. Slaven\u0101 fabrika Nolte Kuchen tre\u0161\u0101 liel\u0101k\u0101 starp vado\u0161ajiem V\u0101cijas ieb\u016bv\u0113jamo virtuves m\u0113be\u013cu ra\u017eot\u0101jiem. Jau kop\u0161 pirm\u0101s past\u0101v\u0113\u0161anas dienas 1958. gad\u0101, Nolte Kuchen ir izaugusi un nostiprin\u0101jusi savu poz\u012bciju tirg\u016b, k\u0101 viena no sp\u0113c\u012bg\u0101kaj\u0101m un inov\u0101ciju bag\u0101t\u0101kaj\u0101m. Komp\u0101nijas dev\u012bze: apmierin\u0101t\u012bba k\u0101 filozofija vienm\u0113r un vis\u0101.<\/p>\n<\/div>\n<\/div><\/div><\/div><\/div><div id=\"pg-117-3\"  class=\"panel-grid panel-no-style\" ><div id=\"pgc-117-3-0\"  class=\"panel-grid-cell\" ><div id=\"panel-117-3-0-0\" class=\"so-panel widget widget_sow-image panel-first-child panel-last-child\" data-index=\"4\" ><div\n\t\t\t\n\t\t\tclass=\"so-widget-sow-image so-widget-sow-image-default-dbf295114b96-117\"\n\t\t\t\n\t\t>\n<div class=\"sow-image-container\">\n\t\t\t<a href=\"http:\/\/www.nicolettihome.com\/\"\n\t\t\ttarget=\"_blank\" rel=\"noopener noreferrer\" \t\t>\n\t\t\t<img \n\tsrc=\"http:\/\/davanti.lv\/wordpress\/wp-content\/uploads\/2025\/10\/logo.png\" width=\"2560\" height=\"440\" srcset=\"http:\/\/davanti.lv\/wordpress\/wp-content\/uploads\/2025\/10\/logo.png 2560w, http:\/\/davanti.lv\/wordpress\/wp-content\/uploads\/2025\/10\/logo-300x52.png 300w, http:\/\/davanti.lv\/wordpress\/wp-content\/uploads\/2025\/10\/logo-1024x176.png 1024w, http:\/\/davanti.lv\/wordpress\/wp-content\/uploads\/2025\/10\/logo-768x132.png 768w, http:\/\/davanti.lv\/wordpress\/wp-content\/uploads\/2025\/10\/logo-1536x264.png 1536w, http:\/\/davanti.lv\/wordpress\/wp-content\/uploads\/2025\/10\/logo-2048x352.png 2048w\" sizes=\"(max-width: 2560px) 100vw, 2560px\" alt=\"\" \t\tclass=\"so-widget-image\"\/>\n\t\t\t<\/a><\/div>\n\n<\/div><\/div><\/div><div id=\"pgc-117-3-1\"  class=\"panel-grid-cell\" ><div id=\"panel-117-3-1-0\" class=\"so-panel widget widget_sow-editor panel-first-child panel-last-child\" data-index=\"5\" ><div\n\t\t\t\n\t\t\tclass=\"so-widget-sow-editor so-widget-sow-editor-base\"\n\t\t\t\n\t\t>\n<div class=\"siteorigin-widget-tinymce textwidget\">\n\t<h2>It\u0101\u013cu m\u012bkst\u0101s m\u0113beles - NicolettiHome<\/h2>\n<p>It\u0101\u013cu dizains vienm\u0113r ir asoci\u0113jies ar izsmalcin\u0101t\u012bbu, kvalit\u0101ti un smalku stila izj\u016btu. Tie\u0161i \u0161\u012bs v\u0113rt\u012bbas ir Nicoletti Home filozofijas pamat\u0101 \u2014 z\u012bmola, kas ir p\u0101rv\u0113rtis m\u012bksto m\u0113be\u013cu ra\u017eo\u0161anu \u012bst\u0101 m\u0101ksl\u0101.<br \/>\nKop\u0161 pa\u0161iem pirms\u0101kumiem uz\u0146\u0113mums ir koncentr\u0113jies uz nevainojamu roku darbu kvalit\u0101ti. Katrs modelis tiek rad\u012bts, pateicoties r\u016bp\u012bgam amatnieku darbam, kur uzman\u012bba pret viss\u012bk\u0101kaj\u0101m deta\u013c\u0101m harmoniski savijas ar modern\u0101m tehnolo\u0123ij\u0101m un drosm\u012bgiem dizaina risin\u0101jumiem. \u0160\u012b pieeja ir \u013c\u0101vusi Nicoletti Home k\u013c\u016bt par m\u0101j\u012bguma, komforta un elegances simbolu vis\u0101 pasaul\u0113.<br \/>\nM\u016bsdien\u0101s z\u012bmols ir p\u0101rst\u0101v\u0113ts vair\u0101k nek\u0101 70 valst\u012bs \u2014 no Amerikas Savienotaj\u0101m Valst\u012bm un Apvienot\u0101s Karalistes l\u012bdz Francijai, \u0136\u012bnai un Izra\u0113lai. Nicoletti Home m\u0113beles ir k\u013cuvu\u0161as par neat\u0146emamu m\u016bsdienu interjeru sast\u0101vda\u013cu, pie\u0161\u0137irot m\u0101j\u0101m \u012bpa\u0161u harmonijas un stila atmosf\u0113ru. Z\u012bmola produkti tiek augstu nov\u0113rt\u0113ti par to iztur\u012bbu, est\u0113tiku un sp\u0113ju rad\u012bt m\u0101j\u012bgu telpu, kur\u0101 patie\u0161\u0101m gribas dz\u012bvot.<\/p>\n<\/div>\n<\/div><\/div><\/div><\/div><div id=\"pg-117-4\"  class=\"panel-grid panel-no-style\" ><div id=\"pgc-117-4-0\"  class=\"panel-grid-cell panel-grid-cell-empty\" ><\/div><div id=\"pgc-117-4-1\"  class=\"panel-grid-cell panel-grid-cell-empty\" ><\/div><div id=\"pgc-117-4-2\"  class=\"panel-grid-cell panel-grid-cell-empty panel-grid-cell-mobile-last\" ><\/div><div id=\"pgc-117-4-3\"  class=\"panel-grid-cell panel-grid-cell-empty\" ><\/div><\/div><\/div>","protected":false},"excerpt":{"rendered":"<p>Ar ko m\u0113s sadarbojamies<\/p>\n","protected":false},"author":1,"featured_media":339,"parent":61,"menu_order":0,"comment_status":"closed","ping_status":"closed","template":"template-about.php","meta":{"footnotes":""},"class_list":["post-117","page","type-page","status-publish","has-post-thumbnail","hentry"],"yoast_head":"<!-- This site is optimized with the Yoast SEO plugin v25.7 - https:\/\/yoast.com\/wordpress\/plugins\/seo\/ -->\n<title>M\u016bsu partneri - Davanti<\/title>\n<meta name=\"robots\" content=\"index, follow, max-snippet:-1, max-image-preview:large, max-video-preview:-1\" \/>\n<link rel=\"canonical\" href=\"http:\/\/davanti.lv\/lv\/about-us\/our-partners\/\" \/>\n<meta property=\"og:locale\" content=\"lv_LV\" \/>\n<meta property=\"og:type\" content=\"article\" \/>\n<meta property=\"og:title\" content=\"M\u016bsu partneri - Davanti\" \/>\n<meta property=\"og:description\" content=\"Ar ko m\u0113s sadarbojamies\" \/>\n<meta property=\"og:url\" content=\"http:\/\/davanti.lv\/lv\/about-us\/our-partners\/\" \/>\n<meta property=\"og:site_name\" content=\"Davanti\" \/>\n<meta property=\"article:modified_time\" content=\"2025-10-10T10:06:55+00:00\" \/>\n<meta property=\"og:image\" content=\"http:\/\/davanti.lv\/wordpress\/wp-content\/uploads\/2016\/04\/3-2.jpg\" \/>\n\t<meta property=\"og:image:width\" content=\"999\" \/>\n\t<meta property=\"og:image:height\" content=\"509\" \/>\n\t<meta property=\"og:image:type\" content=\"image\/jpeg\" \/>\n<meta name=\"twitter:card\" content=\"summary_large_image\" \/>\n<meta name=\"twitter:label1\" content=\"Est. reading time\" \/>\n\t<meta name=\"twitter:data1\" content=\"4 minutes\" \/>\n<script type=\"application\/ld+json\" class=\"yoast-schema-graph\">{\"@context\":\"https:\/\/schema.org\",\"@graph\":[{\"@type\":\"WebPage\",\"@id\":\"http:\/\/davanti.lv\/lv\/about-us\/our-partners\/\",\"url\":\"http:\/\/davanti.lv\/lv\/about-us\/our-partners\/\",\"name\":\"M\u016bsu partneri - Davanti\",\"isPartOf\":{\"@id\":\"http:\/\/davanti.lv\/ru\/#website\"},\"primaryImageOfPage\":{\"@id\":\"http:\/\/davanti.lv\/lv\/about-us\/our-partners\/#primaryimage\"},\"image\":{\"@id\":\"http:\/\/davanti.lv\/lv\/about-us\/our-partners\/#primaryimage\"},\"thumbnailUrl\":\"http:\/\/davanti.lv\/wordpress\/wp-content\/uploads\/2016\/04\/3-2.jpg\",\"datePublished\":\"2016-04-11T13:45:48+00:00\",\"dateModified\":\"2025-10-10T10:06:55+00:00\",\"breadcrumb\":{\"@id\":\"http:\/\/davanti.lv\/lv\/about-us\/our-partners\/#breadcrumb\"},\"inLanguage\":\"lv-LV\",\"potentialAction\":[{\"@type\":\"ReadAction\",\"target\":[\"http:\/\/davanti.lv\/lv\/about-us\/our-partners\/\"]}]},{\"@type\":\"ImageObject\",\"inLanguage\":\"lv-LV\",\"@id\":\"http:\/\/davanti.lv\/lv\/about-us\/our-partners\/#primaryimage\",\"url\":\"http:\/\/davanti.lv\/wordpress\/wp-content\/uploads\/2016\/04\/3-2.jpg\",\"contentUrl\":\"http:\/\/davanti.lv\/wordpress\/wp-content\/uploads\/2016\/04\/3-2.jpg\",\"width\":999,\"height\":509},{\"@type\":\"BreadcrumbList\",\"@id\":\"http:\/\/davanti.lv\/lv\/about-us\/our-partners\/#breadcrumb\",\"itemListElement\":[{\"@type\":\"ListItem\",\"position\":1,\"name\":\"Home\",\"item\":\"http:\/\/davanti.lv\/ru\/\"},{\"@type\":\"ListItem\",\"position\":2,\"name\":\"About us\",\"item\":\"http:\/\/davanti.lv\/about-us\/\"},{\"@type\":\"ListItem\",\"position\":3,\"name\":\"M\u016bsu partneri\"}]},{\"@type\":\"WebSite\",\"@id\":\"http:\/\/davanti.lv\/ru\/#website\",\"url\":\"http:\/\/davanti.lv\/ru\/\",\"name\":\"Davanti\",\"description\":\"M\u0113be\u013cu dizains, k\u0101 dz\u012bves stils\",\"potentialAction\":[{\"@type\":\"SearchAction\",\"target\":{\"@type\":\"EntryPoint\",\"urlTemplate\":\"http:\/\/davanti.lv\/ru\/?s={search_term_string}\"},\"query-input\":{\"@type\":\"PropertyValueSpecification\",\"valueRequired\":true,\"valueName\":\"search_term_string\"}}],\"inLanguage\":\"lv-LV\"}]}<\/script>\n<!-- \/ Yoast SEO plugin. -->","yoast_head_json":{"title":"M\u016bsu partneri - Davanti","robots":{"index":"index","follow":"follow","max-snippet":"max-snippet:-1","max-image-preview":"max-image-preview:large","max-video-preview":"max-video-preview:-1"},"canonical":"http:\/\/davanti.lv\/lv\/about-us\/our-partners\/","og_locale":"lv_LV","og_type":"article","og_title":"M\u016bsu partneri - Davanti","og_description":"Ar ko m\u0113s sadarbojamies","og_url":"http:\/\/davanti.lv\/lv\/about-us\/our-partners\/","og_site_name":"Davanti","article_modified_time":"2025-10-10T10:06:55+00:00","og_image":[{"width":999,"height":509,"url":"http:\/\/davanti.lv\/wordpress\/wp-content\/uploads\/2016\/04\/3-2.jpg","type":"image\/jpeg"}],"twitter_card":"summary_large_image","twitter_misc":{"Est. reading time":"4 minutes"},"schema":{"@context":"https:\/\/schema.org","@graph":[{"@type":"WebPage","@id":"http:\/\/davanti.lv\/lv\/about-us\/our-partners\/","url":"http:\/\/davanti.lv\/lv\/about-us\/our-partners\/","name":"M\u016bsu partneri - Davanti","isPartOf":{"@id":"http:\/\/davanti.lv\/ru\/#website"},"primaryImageOfPage":{"@id":"http:\/\/davanti.lv\/lv\/about-us\/our-partners\/#primaryimage"},"image":{"@id":"http:\/\/davanti.lv\/lv\/about-us\/our-partners\/#primaryimage"},"thumbnailUrl":"http:\/\/davanti.lv\/wordpress\/wp-content\/uploads\/2016\/04\/3-2.jpg","datePublished":"2016-04-11T13:45:48+00:00","dateModified":"2025-10-10T10:06:55+00:00","breadcrumb":{"@id":"http:\/\/davanti.lv\/lv\/about-us\/our-partners\/#breadcrumb"},"inLanguage":"lv-LV","potentialAction":[{"@type":"ReadAction","target":["http:\/\/davanti.lv\/lv\/about-us\/our-partners\/"]}]},{"@type":"ImageObject","inLanguage":"lv-LV","@id":"http:\/\/davanti.lv\/lv\/about-us\/our-partners\/#primaryimage","url":"http:\/\/davanti.lv\/wordpress\/wp-content\/uploads\/2016\/04\/3-2.jpg","contentUrl":"http:\/\/davanti.lv\/wordpress\/wp-content\/uploads\/2016\/04\/3-2.jpg","width":999,"height":509},{"@type":"BreadcrumbList","@id":"http:\/\/davanti.lv\/lv\/about-us\/our-partners\/#breadcrumb","itemListElement":[{"@type":"ListItem","position":1,"name":"Home","item":"http:\/\/davanti.lv\/ru\/"},{"@type":"ListItem","position":2,"name":"About us","item":"http:\/\/davanti.lv\/about-us\/"},{"@type":"ListItem","position":3,"name":"M\u016bsu partneri"}]},{"@type":"WebSite","@id":"http:\/\/davanti.lv\/ru\/#website","url":"http:\/\/davanti.lv\/ru\/","name":"Davanti","description":"M\u0113be\u013cu dizains, k\u0101 dz\u012bves stils","potentialAction":[{"@type":"SearchAction","target":{"@type":"EntryPoint","urlTemplate":"http:\/\/davanti.lv\/ru\/?s={search_term_string}"},"query-input":{"@type":"PropertyValueSpecification","valueRequired":true,"valueName":"search_term_string"}}],"inLanguage":"lv-LV"}]}},"_links":{"self":[{"href":"http:\/\/davanti.lv\/lv\/wp-json\/wp\/v2\/pages\/117","targetHints":{"allow":["GET"]}}],"collection":[{"href":"http:\/\/davanti.lv\/lv\/wp-json\/wp\/v2\/pages"}],"about":[{"href":"http:\/\/davanti.lv\/lv\/wp-json\/wp\/v2\/types\/page"}],"author":[{"embeddable":true,"href":"http:\/\/davanti.lv\/lv\/wp-json\/wp\/v2\/users\/1"}],"replies":[{"embeddable":true,"href":"http:\/\/davanti.lv\/lv\/wp-json\/wp\/v2\/comments?post=117"}],"version-history":[{"count":33,"href":"http:\/\/davanti.lv\/lv\/wp-json\/wp\/v2\/pages\/117\/revisions"}],"predecessor-version":[{"id":336,"href":"http:\/\/davanti.lv\/lv\/wp-json\/wp\/v2\/pages\/117\/revisions\/336"}],"up":[{"embeddable":true,"href":"http:\/\/davanti.lv\/lv\/wp-json\/wp\/v2\/pages\/61"}],"wp:featuredmedia":[{"embeddable":true,"href":"http:\/\/davanti.lv\/lv\/wp-json\/wp\/v2\/media\/339"}],"wp:attachment":[{"href":"http:\/\/davanti.lv\/lv\/wp-json\/wp\/v2\/media?parent=117"}],"curies":[{"name":"wp","href":"https:\/\/api.w.org\/{rel}","templated":true}]}}