{"id":115,"date":"2016-04-11T13:45:17","date_gmt":"2016-04-11T13:45:17","guid":{"rendered":"http:\/\/davanti.lv\/wordpress\/?page_id=115"},"modified":"2025-03-26T11:14:45","modified_gmt":"2025-03-26T11:14:45","slug":"manufacturers","status":"publish","type":"page","link":"http:\/\/davanti.lv\/lv\/about-us\/manufacturers\/","title":{"rendered":"Ra\u017eot\u0101ji"},"content":{"rendered":"<div id=\"pl-115\"  class=\"panel-layout\" ><div id=\"pg-115-0\"  class=\"panel-grid panel-no-style\" ><div id=\"pgc-115-0-0\"  class=\"panel-grid-cell\" ><div id=\"panel-115-0-0-0\" class=\"so-panel widget widget_nav_menu panel-first-child panel-last-child\" data-index=\"0\" ><div class=\"sidebar-nav panel-widget-style panel-widget-style-for-115-0-0-0\" ><div class=\"menu-sidebar-about-us-container\"><ul id=\"menu-sidebar-about-us\" class=\"menu\"><li id=\"menu-item-122\" class=\"menu-item menu-item-type-post_type menu-item-object-page menu-item-122\"><a href=\"http:\/\/davanti.lv\/lv\/about-us\/\">Par mums<\/a><\/li>\n<li id=\"menu-item-124\" class=\"menu-item menu-item-type-post_type menu-item-object-page menu-item-124\"><a href=\"http:\/\/davanti.lv\/lv\/about-us\/manufacturers\/\">Ra\u017eot\u0101ji<\/a><\/li>\n<li id=\"menu-item-123\" class=\"menu-item menu-item-type-post_type menu-item-object-page menu-item-123\"><a href=\"http:\/\/davanti.lv\/lv\/about-us\/our-partners\/\">M\u016bsu partneri<\/a><\/li>\n<\/ul><\/div><\/div><\/div><\/div><\/div><div id=\"pg-115-1\"  class=\"panel-grid panel-no-style\" ><div id=\"pgc-115-1-0\"  class=\"panel-grid-cell panel-grid-cell-empty\" ><\/div><div id=\"pgc-115-1-1\"  class=\"panel-grid-cell\" ><div id=\"panel-115-1-1-0\" class=\"so-panel widget widget_sow-editor panel-first-child panel-last-child\" data-index=\"1\" ><div\n\t\t\t\n\t\t\tclass=\"so-widget-sow-editor so-widget-sow-editor-base\"\n\t\t\t\n\t\t>\n<div class=\"siteorigin-widget-tinymce textwidget\">\n\t<h1>Ko m\u0113s izmantojam<\/h1>\n<div class=\"hr\"><\/div>\n<\/div>\n<\/div><\/div><\/div><\/div><div id=\"pg-115-2\"  class=\"panel-grid panel-no-style\" ><div id=\"pgc-115-2-0\"  class=\"panel-grid-cell\" ><div id=\"panel-115-2-0-0\" class=\"so-panel widget widget_sow-image panel-first-child panel-last-child\" data-index=\"2\" ><div\n\t\t\t\n\t\t\tclass=\"so-widget-sow-image so-widget-sow-image-default-dbf295114b96-115\"\n\t\t\t\n\t\t>\n<div class=\"sow-image-container\">\n\t\t\t<a href=\"http:\/\/www.norscan.no\/\"\n\t\t\ttarget=\"_blank\" rel=\"noopener noreferrer\" \t\t>\n\t\t\t<img \n\tsrc=\"http:\/\/davanti.lv\/wordpress\/wp-content\/uploads\/2016\/04\/norscanlogo.jpg\" width=\"480\" height=\"120\" srcset=\"http:\/\/davanti.lv\/wordpress\/wp-content\/uploads\/2016\/04\/norscanlogo.jpg 480w, http:\/\/davanti.lv\/wordpress\/wp-content\/uploads\/2016\/04\/norscanlogo-300x75.jpg 300w\" sizes=\"(max-width: 480px) 100vw, 480px\" alt=\"\" \t\tclass=\"so-widget-image\"\/>\n\t\t\t<\/a><\/div>\n\n<\/div><\/div><\/div><div id=\"pgc-115-2-1\"  class=\"panel-grid-cell\" ><div id=\"panel-115-2-1-0\" class=\"so-panel widget widget_sow-editor panel-first-child panel-last-child\" data-index=\"3\" ><div\n\t\t\t\n\t\t\tclass=\"so-widget-sow-editor so-widget-sow-editor-base\"\n\t\t\t\n\t\t>\n<div class=\"siteorigin-widget-tinymce textwidget\">\n\t<h2>Grozu sist\u0113mas NORSCAN<\/h2>\n<p>\u201eNORSCAN\u201d \u2013 vienk\u0101r\u0161a, est\u0113tiska, viegli saliekama modu\u013cu sist\u0113ma, kas sast\u0101v no met\u0101la groziem, plauktiem un da\u017e\u0101diem pakaramiem. Sist\u0113ma pielietojama skapju, garderobju, b\u0113rnu un darba istabu, virtuves, ve\u013cas mazg\u0101\u0161anas telpu iek\u0101rto\u0161anai. Visas sist\u0113mas elementi ir apr\u012bkoti ar riten\u012b\u0161iem, t\u0101p\u0113c p\u0101rvietojas klusi un viegli. Tos raksturo stils, est\u0113tika, funkcionalit\u0101te.<\/p>\n<\/div>\n<\/div><\/div><\/div><\/div><div id=\"pg-115-3\"  class=\"panel-grid panel-no-style\" ><div id=\"pgc-115-3-0\"  class=\"panel-grid-cell\" ><div id=\"panel-115-3-0-0\" class=\"so-panel widget widget_sow-image panel-first-child panel-last-child\" data-index=\"4\" ><div\n\t\t\t\n\t\t\tclass=\"so-widget-sow-image so-widget-sow-image-default-dbf295114b96-115\"\n\t\t\t\n\t\t>\n<div class=\"sow-image-container\">\n\t\t\t<a href=\"http:\/\/www.egger.com\/\"\n\t\t\ttarget=\"_blank\" rel=\"noopener noreferrer\" \t\t>\n\t\t\t<img \n\tsrc=\"http:\/\/davanti.lv\/wordpress\/wp-content\/uploads\/2016\/04\/\u0420\u0435\u0441\u0443\u0440\u0441-10.png\" width=\"879\" height=\"202\" srcset=\"http:\/\/davanti.lv\/wordpress\/wp-content\/uploads\/2016\/04\/\u0420\u0435\u0441\u0443\u0440\u0441-10.png 879w, http:\/\/davanti.lv\/wordpress\/wp-content\/uploads\/2016\/04\/\u0420\u0435\u0441\u0443\u0440\u0441-10-300x69.png 300w, http:\/\/davanti.lv\/wordpress\/wp-content\/uploads\/2016\/04\/\u0420\u0435\u0441\u0443\u0440\u0441-10-768x176.png 768w\" sizes=\"(max-width: 879px) 100vw, 879px\" title=\"\u0420\u0435\u0441\u0443\u0440\u0441 10\" alt=\"\" \t\tclass=\"so-widget-image\"\/>\n\t\t\t<\/a><\/div>\n\n<\/div><\/div><\/div><div id=\"pgc-115-3-1\"  class=\"panel-grid-cell\" ><div id=\"panel-115-3-1-0\" class=\"so-panel widget widget_sow-editor panel-first-child panel-last-child\" data-index=\"5\" ><div\n\t\t\t\n\t\t\tclass=\"so-widget-sow-editor so-widget-sow-editor-base\"\n\t\t\t\n\t\t>\n<div class=\"siteorigin-widget-tinymce textwidget\">\n\t<h2>Lamin\u0113t\u0101 kokskaidu pl\u0101ksne EGGER<\/h2>\n<p>Komp\u0101nija \u201eEGGER\u201d \u2013 l\u012bderis pl\u0101k\u0161\u0146u ra\u017eo\u0161an\u0101 Rietumeirop\u0101. Lamin\u0113t\u0101 kokskaidu pl\u0101ksne, no kuras ra\u017eo uz\u0146\u0113muma produkciju, atbilst augst\u0101k\u0101m Eiropas kvalit\u0101tes pras\u012bb\u0101m: ekolo\u0123iski t\u012bra, iztur\u012bga pret karstumu, mitrumu, organiskiem \u0161\u0137\u012bdin\u0101t\u0101jiem.<\/p>\n<\/div>\n<\/div><\/div><\/div><\/div><div id=\"pg-115-4\"  class=\"panel-grid panel-no-style\" ><div id=\"pgc-115-4-0\"  class=\"panel-grid-cell\" ><div id=\"panel-115-4-0-0\" class=\"so-panel widget widget_sow-image panel-first-child panel-last-child\" data-index=\"6\" ><div\n\t\t\t\n\t\t\tclass=\"so-widget-sow-image so-widget-sow-image-default-dbf295114b96-115\"\n\t\t\t\n\t\t>\n<div class=\"sow-image-container\">\n\t\t\t<a href=\"http:\/\/www.hdhc.com\/\"\n\t\t\ttarget=\"_blank\" rel=\"noopener noreferrer\" \t\t>\n\t\t\t<img \n\tsrc=\"http:\/\/davanti.lv\/wordpress\/wp-content\/uploads\/2016\/04\/\u0420\u0435\u0441\u0443\u0440\u0441-60.jpg\" width=\"396\" height=\"218\" srcset=\"http:\/\/davanti.lv\/wordpress\/wp-content\/uploads\/2016\/04\/\u0420\u0435\u0441\u0443\u0440\u0441-60.jpg 396w, http:\/\/davanti.lv\/wordpress\/wp-content\/uploads\/2016\/04\/\u0420\u0435\u0441\u0443\u0440\u0441-60-300x165.jpg 300w\" sizes=\"(max-width: 396px) 100vw, 396px\" title=\"\u0420\u0435\u0441\u0443\u0440\u0441 60\" alt=\"\" \t\tclass=\"so-widget-image\"\/>\n\t\t\t<\/a><\/div>\n\n<\/div><\/div><\/div><div id=\"pgc-115-4-1\"  class=\"panel-grid-cell\" ><div id=\"panel-115-4-1-0\" class=\"so-panel widget widget_sow-editor panel-first-child panel-last-child\" data-index=\"7\" ><div\n\t\t\t\n\t\t\tclass=\"so-widget-sow-editor so-widget-sow-editor-base\"\n\t\t\t\n\t\t>\n<div class=\"siteorigin-widget-tinymce textwidget\">\n\t<h2>Durvju profilu sist\u0113mas STANLEY<\/h2>\n<p>T\u0113rauda profili \u201eSTANLEY\u201d \u2013 vieni no lab\u0101kajiem pasaul\u0113 \u0161aj\u0101 produktu kategorij\u0101. Tos izmanto, lai ra\u017eotu b\u012bd\u0101m\u0101s durvis skapjiem. Lielisku durvju kust\u012bbu \u0161ai sist\u0113mai nodro\u0161ina triju da\u013cu aug\u0161\u0113jie un apak\u0161\u0113jie gult\u0146u riten\u012b\u0161i. Par pamatu durv\u012bm var izmantot lamin\u0113tu kokskaidu pl\u0101ksni, spoguli vai kr\u0101sotu stiklu, p\u0101rkl\u0101tu ar aizsargpl\u0113vi, kr\u0101sotu MDF. \u201eSTANLEY\u201d b\u012bd\u0101mo durvju meh\u0101nismiem ir 10 gadu garantija.<\/p>\n<\/div>\n<\/div><\/div><\/div><\/div><div id=\"pg-115-5\"  class=\"panel-grid panel-no-style\" ><div id=\"pgc-115-5-0\"  class=\"panel-grid-cell\" ><div id=\"panel-115-5-0-0\" class=\"so-panel widget widget_sow-image panel-first-child panel-last-child\" data-index=\"8\" ><div\n\t\t\t\n\t\t\tclass=\"so-widget-sow-image so-widget-sow-image-default-dbf295114b96-115\"\n\t\t\t\n\t\t>\n<div class=\"sow-image-container\">\n\t\t\t<a href=\"http:\/\/rival.no\/\"\n\t\t\ttarget=\"_blank\" rel=\"noopener noreferrer\" \t\t>\n\t\t\t<img \n\tsrc=\"http:\/\/davanti.lv\/wordpress\/wp-content\/uploads\/2016\/04\/\u0420\u0435\u0441\u0443\u0440\u0441-40.png\" width=\"707\" height=\"314\" srcset=\"http:\/\/davanti.lv\/wordpress\/wp-content\/uploads\/2016\/04\/\u0420\u0435\u0441\u0443\u0440\u0441-40.png 707w, http:\/\/davanti.lv\/wordpress\/wp-content\/uploads\/2016\/04\/\u0420\u0435\u0441\u0443\u0440\u0441-40-300x133.png 300w\" sizes=\"(max-width: 707px) 100vw, 707px\" title=\"\u0420\u0435\u0441\u0443\u0440\u0441 40\" alt=\"\" \t\tclass=\"so-widget-image\"\/>\n\t\t\t<\/a><\/div>\n\n<\/div><\/div><\/div><div id=\"pgc-115-5-1\"  class=\"panel-grid-cell\" ><div id=\"panel-115-5-1-0\" class=\"so-panel widget widget_sow-editor panel-first-child panel-last-child\" data-index=\"9\" ><div\n\t\t\t\n\t\t\tclass=\"so-widget-sow-editor so-widget-sow-editor-base\"\n\t\t\t\n\t\t>\n<div class=\"siteorigin-widget-tinymce textwidget\">\n\t<h2>Durvju profilu sist\u0113mas RIVAL<\/h2>\n<p>Norv\u0113\u0123u alum\u012bniju profilu sist\u0113mas izmanto b\u012bd\u0101mu un stacion\u0101ru starpsienu, skapju un b\u012bd\u0101mu durvju izgatavo\u0161anai. T\u0101s ir vienas no lab\u0101kaj\u0101m alum\u012bnija profilu sist\u0113m\u0101m pasaul\u0113. \u0160\u012bs sist\u0113mas profiliem ir m\u016bsdien\u012bgs dizains, kas iev\u0113rojami at\u0161\u0137iras no citiem Latvij\u0101 pied\u0101v\u0101tajiem profiliem. Skapju un starpsienu durvju izgatavo\u0161anai m\u0113s izmantojam tr\u012bs kr\u0101su anod\u0113ta alum\u012bnija profilus un divu kr\u0101su profilus ar koka imit\u0101ciju. \u201eRIVAL\u201d alum\u012bnija sist\u0113mu meh\u0101nismiem ir 10 gadu garantija.<\/p>\n<\/div>\n<\/div><\/div><\/div><\/div><\/div>","protected":false},"excerpt":{"rendered":"<p>Ko m\u0113s izmantojam<\/p>\n","protected":false},"author":1,"featured_media":340,"parent":61,"menu_order":0,"comment_status":"closed","ping_status":"closed","template":"template-about.php","meta":{"footnotes":""},"class_list":["post-115","page","type-page","status-publish","has-post-thumbnail","hentry"],"yoast_head":"<!-- This site is optimized with the Yoast SEO plugin v25.7 - https:\/\/yoast.com\/wordpress\/plugins\/seo\/ -->\n<title>Ra\u017eot\u0101ji - Davanti<\/title>\n<meta name=\"robots\" content=\"index, follow, max-snippet:-1, max-image-preview:large, max-video-preview:-1\" \/>\n<link rel=\"canonical\" href=\"https:\/\/davanti.lv\/about-us\/manufacturers\/\" \/>\n<meta property=\"og:locale\" content=\"lv_LV\" \/>\n<meta property=\"og:type\" content=\"article\" \/>\n<meta property=\"og:title\" content=\"Ra\u017eot\u0101ji - Davanti\" \/>\n<meta property=\"og:description\" content=\"Ko m\u0113s izmantojam\" \/>\n<meta property=\"og:url\" content=\"https:\/\/davanti.lv\/about-us\/manufacturers\/\" \/>\n<meta property=\"og:site_name\" content=\"Davanti\" \/>\n<meta property=\"article:modified_time\" content=\"2025-03-26T11:14:45+00:00\" \/>\n<meta property=\"og:image\" content=\"https:\/\/davanti.lv\/wordpress\/wp-content\/uploads\/2016\/04\/1-1.jpg\" \/>\n\t<meta property=\"og:image:width\" content=\"999\" \/>\n\t<meta property=\"og:image:height\" content=\"261\" \/>\n\t<meta property=\"og:image:type\" content=\"image\/jpeg\" \/>\n<meta name=\"twitter:card\" content=\"summary_large_image\" \/>\n<meta name=\"twitter:label1\" content=\"Est. reading time\" \/>\n\t<meta name=\"twitter:data1\" content=\"3 minutes\" \/>\n<script type=\"application\/ld+json\" class=\"yoast-schema-graph\">{\"@context\":\"https:\/\/schema.org\",\"@graph\":[{\"@type\":\"WebPage\",\"@id\":\"https:\/\/davanti.lv\/about-us\/manufacturers\/\",\"url\":\"https:\/\/davanti.lv\/about-us\/manufacturers\/\",\"name\":\"Ra\u017eot\u0101ji - Davanti\",\"isPartOf\":{\"@id\":\"http:\/\/davanti.lv\/ru\/#website\"},\"primaryImageOfPage\":{\"@id\":\"https:\/\/davanti.lv\/about-us\/manufacturers\/#primaryimage\"},\"image\":{\"@id\":\"https:\/\/davanti.lv\/about-us\/manufacturers\/#primaryimage\"},\"thumbnailUrl\":\"http:\/\/davanti.lv\/wordpress\/wp-content\/uploads\/2016\/04\/1-1.jpg\",\"datePublished\":\"2016-04-11T13:45:17+00:00\",\"dateModified\":\"2025-03-26T11:14:45+00:00\",\"breadcrumb\":{\"@id\":\"https:\/\/davanti.lv\/about-us\/manufacturers\/#breadcrumb\"},\"inLanguage\":\"lv-LV\",\"potentialAction\":[{\"@type\":\"ReadAction\",\"target\":[\"https:\/\/davanti.lv\/about-us\/manufacturers\/\"]}]},{\"@type\":\"ImageObject\",\"inLanguage\":\"lv-LV\",\"@id\":\"https:\/\/davanti.lv\/about-us\/manufacturers\/#primaryimage\",\"url\":\"http:\/\/davanti.lv\/wordpress\/wp-content\/uploads\/2016\/04\/1-1.jpg\",\"contentUrl\":\"http:\/\/davanti.lv\/wordpress\/wp-content\/uploads\/2016\/04\/1-1.jpg\",\"width\":999,\"height\":261},{\"@type\":\"BreadcrumbList\",\"@id\":\"https:\/\/davanti.lv\/about-us\/manufacturers\/#breadcrumb\",\"itemListElement\":[{\"@type\":\"ListItem\",\"position\":1,\"name\":\"Home\",\"item\":\"http:\/\/davanti.lv\/ru\/\"},{\"@type\":\"ListItem\",\"position\":2,\"name\":\"About us\",\"item\":\"http:\/\/davanti.lv\/about-us\/\"},{\"@type\":\"ListItem\",\"position\":3,\"name\":\"Manufacturers\"}]},{\"@type\":\"WebSite\",\"@id\":\"http:\/\/davanti.lv\/ru\/#website\",\"url\":\"http:\/\/davanti.lv\/ru\/\",\"name\":\"Davanti\",\"description\":\"M\u0113be\u013cu dizains, k\u0101 dz\u012bves stils\",\"potentialAction\":[{\"@type\":\"SearchAction\",\"target\":{\"@type\":\"EntryPoint\",\"urlTemplate\":\"http:\/\/davanti.lv\/ru\/?s={search_term_string}\"},\"query-input\":{\"@type\":\"PropertyValueSpecification\",\"valueRequired\":true,\"valueName\":\"search_term_string\"}}],\"inLanguage\":\"lv-LV\"}]}<\/script>\n<!-- \/ Yoast SEO plugin. -->","yoast_head_json":{"title":"Ra\u017eot\u0101ji - Davanti","robots":{"index":"index","follow":"follow","max-snippet":"max-snippet:-1","max-image-preview":"max-image-preview:large","max-video-preview":"max-video-preview:-1"},"canonical":"https:\/\/davanti.lv\/about-us\/manufacturers\/","og_locale":"lv_LV","og_type":"article","og_title":"Ra\u017eot\u0101ji - Davanti","og_description":"Ko m\u0113s izmantojam","og_url":"https:\/\/davanti.lv\/about-us\/manufacturers\/","og_site_name":"Davanti","article_modified_time":"2025-03-26T11:14:45+00:00","og_image":[{"width":999,"height":261,"url":"https:\/\/davanti.lv\/wordpress\/wp-content\/uploads\/2016\/04\/1-1.jpg","type":"image\/jpeg"}],"twitter_card":"summary_large_image","twitter_misc":{"Est. reading time":"3 minutes"},"schema":{"@context":"https:\/\/schema.org","@graph":[{"@type":"WebPage","@id":"https:\/\/davanti.lv\/about-us\/manufacturers\/","url":"https:\/\/davanti.lv\/about-us\/manufacturers\/","name":"Ra\u017eot\u0101ji - Davanti","isPartOf":{"@id":"http:\/\/davanti.lv\/ru\/#website"},"primaryImageOfPage":{"@id":"https:\/\/davanti.lv\/about-us\/manufacturers\/#primaryimage"},"image":{"@id":"https:\/\/davanti.lv\/about-us\/manufacturers\/#primaryimage"},"thumbnailUrl":"http:\/\/davanti.lv\/wordpress\/wp-content\/uploads\/2016\/04\/1-1.jpg","datePublished":"2016-04-11T13:45:17+00:00","dateModified":"2025-03-26T11:14:45+00:00","breadcrumb":{"@id":"https:\/\/davanti.lv\/about-us\/manufacturers\/#breadcrumb"},"inLanguage":"lv-LV","potentialAction":[{"@type":"ReadAction","target":["https:\/\/davanti.lv\/about-us\/manufacturers\/"]}]},{"@type":"ImageObject","inLanguage":"lv-LV","@id":"https:\/\/davanti.lv\/about-us\/manufacturers\/#primaryimage","url":"http:\/\/davanti.lv\/wordpress\/wp-content\/uploads\/2016\/04\/1-1.jpg","contentUrl":"http:\/\/davanti.lv\/wordpress\/wp-content\/uploads\/2016\/04\/1-1.jpg","width":999,"height":261},{"@type":"BreadcrumbList","@id":"https:\/\/davanti.lv\/about-us\/manufacturers\/#breadcrumb","itemListElement":[{"@type":"ListItem","position":1,"name":"Home","item":"http:\/\/davanti.lv\/ru\/"},{"@type":"ListItem","position":2,"name":"About us","item":"http:\/\/davanti.lv\/about-us\/"},{"@type":"ListItem","position":3,"name":"Manufacturers"}]},{"@type":"WebSite","@id":"http:\/\/davanti.lv\/ru\/#website","url":"http:\/\/davanti.lv\/ru\/","name":"Davanti","description":"M\u0113be\u013cu dizains, k\u0101 dz\u012bves stils","potentialAction":[{"@type":"SearchAction","target":{"@type":"EntryPoint","urlTemplate":"http:\/\/davanti.lv\/ru\/?s={search_term_string}"},"query-input":{"@type":"PropertyValueSpecification","valueRequired":true,"valueName":"search_term_string"}}],"inLanguage":"lv-LV"}]}},"_links":{"self":[{"href":"http:\/\/davanti.lv\/lv\/wp-json\/wp\/v2\/pages\/115","targetHints":{"allow":["GET"]}}],"collection":[{"href":"http:\/\/davanti.lv\/lv\/wp-json\/wp\/v2\/pages"}],"about":[{"href":"http:\/\/davanti.lv\/lv\/wp-json\/wp\/v2\/types\/page"}],"author":[{"embeddable":true,"href":"http:\/\/davanti.lv\/lv\/wp-json\/wp\/v2\/users\/1"}],"replies":[{"embeddable":true,"href":"http:\/\/davanti.lv\/lv\/wp-json\/wp\/v2\/comments?post=115"}],"version-history":[{"count":42,"href":"http:\/\/davanti.lv\/lv\/wp-json\/wp\/v2\/pages\/115\/revisions"}],"predecessor-version":[{"id":744,"href":"http:\/\/davanti.lv\/lv\/wp-json\/wp\/v2\/pages\/115\/revisions\/744"}],"up":[{"embeddable":true,"href":"http:\/\/davanti.lv\/lv\/wp-json\/wp\/v2\/pages\/61"}],"wp:featuredmedia":[{"embeddable":true,"href":"http:\/\/davanti.lv\/lv\/wp-json\/wp\/v2\/media\/340"}],"wp:attachment":[{"href":"http:\/\/davanti.lv\/lv\/wp-json\/wp\/v2\/media?parent=115"}],"curies":[{"name":"wp","href":"https:\/\/api.w.org\/{rel}","templated":true}]}}